{"id":3443,"date":"2021-04-29T12:31:11","date_gmt":"2021-04-29T10:31:11","guid":{"rendered":"https:\/\/www.experienceswellness.com\/?page_id=3443"},"modified":"2021-05-13T11:11:19","modified_gmt":"2021-05-13T09:11:19","slug":"profesionales-2","status":"publish","type":"page","link":"https:\/\/www.experienceswellness.com\/index.php\/profesionales-2\/","title":{"rendered":"Profesionales"},"content":{"rendered":"[vc_row][vc_column][vc_empty_space][vc_text_separator title=&#8221;Bienvenido Profesianal&#8221; color=&#8221;custom&#8221; accent_color=&#8221;#004c98&#8243;][vc_empty_space][\/vc_column][\/vc_row][vc_row equal_height=&#8221;yes&#8221;][vc_column][vc_tta_tabs][vc_tta_section title=&#8221;AGENCIAS DE VIAJES&#8221; tab_id=&#8221;1619692087579-82337c3b-47d4&#8243;][vc_empty_space][vc_column_text]\n<p style=\"text-align: center;\">Soy representante de reconocidas empresas receptivas mayoristas de los diferentes destinos en los que estoy especializada: INDIA, NEPAL, BUTH\u00c1N, SRI LANKA, MALDIVAS, M\u00c9XICO(YUCAT\u00c1N), PER\u00da, ISLAS GAL\u00c1PAGOS\/ECUADOR, LO MEJOR DE ESPA\u00d1A.<\/p>\n<p style=\"text-align: center;\">\u00bfQuieres ofrecer experiencias de viaje para Atraer \u2014 Motivar \u2014 Alcanzar \u2014 Celebrar \u2014 Promover?<\/p>\n<p style=\"text-align: center;\">Te propongo Innovaci\u00f3n y creatividad en los programas que voy a dise\u00f1ar exclusivamente para ti, con experiencias que encajen seg\u00fan gustos y necesidades, garantizando un gran nivel de satisfacci\u00f3n.<\/p>\n[\/vc_column_text][vc_empty_space][vc_btn title=&#8221;Si, quiero conocer m\u00e1s&#8221; color=&#8221;blue&#8221; align=&#8221;center&#8221; el_class=&#8221;colorprofesional&#8221; link=&#8221;url:https%3A%2F%2Fwww.experienceswellness.com%2Findex.php%2Fform-prof-agencias%2F|title:Formulario%20Profesionales&#8221;][\/vc_tta_section][vc_tta_section title=&#8221;EST\u00c9TICA \/BIENESTAR&#8221; tab_id=&#8221;1619692087596-970255ae-0387&#8243;][vc_empty_space][vc_column_text]\n<p style=\"text-align: center;\">Tengo una idea original y emocionante para promover tu negocio, premiar, atraer y fidelizar a tus clientes.<br \/>\nTe proporciono una buena herramienta para alcanzar objetivos econ\u00f3micos.<\/p>\n<p style=\"text-align: center;\">\u00bfTe interesa abrir una l\u00ednea de negocio ofreciendo la posibilidad a tus clientes, trabajadores, etc. de realizar un viaje exclusivo de calidad donde las experiencias de bienestar estar\u00e1n siempre presentes?<br \/>\n\u00bfTe imaginas el impacto positivo de tus clientes al saber que su centro les ofrece la posibilidad de vivir un viaje \u00fanico, calidad Premium, a un precio excepcional como premio a su fidelidad?<br \/>\n\u00a1Emocionar\u00e1s a tus clientes!<\/p>\n[\/vc_column_text][vc_empty_space][vc_btn title=&#8221;Si, quiero conocer m\u00e1s&#8221; color=&#8221;blue&#8221; align=&#8221;center&#8221; el_class=&#8221;colorprofesional&#8221; link=&#8221;url:https%3A%2F%2Fwww.experienceswellness.com%2Findex.php%2Fformulario-profesionales%2F|title:Formulario%20Profesionales&#8221;][\/vc_tta_section][vc_tta_section title=&#8221;PELUQUERIAS&#8221; tab_id=&#8221;1619692092362-4653b5cc-ecb1&#8243;][vc_empty_space][vc_column_text]\n<p style=\"text-align: center;\">Tengo una idea novedosa y emocionante para promover y diferenciar tu negocio, premiar, atraer y fidelizar a tus clientes enriqueciendo los servicios y experiencias en tu sal\u00f3n.<br \/>\nTe proporciono una buena herramienta para alcanzar objetivos econ\u00f3micos.<\/p>\n<p style=\"text-align: center;\">\u00bfTe interesa abrir una l\u00ednea de negocio ofreciendo la posibilidad a tus clientes, trabajadores, etc. de realizar un viaje exclusivo de calidad donde las experiencias totalmente exclusivas dise\u00f1adas para ti estar\u00e1n siempre presentes?<br \/>\n\u00bfTe imaginas el impacto positivo de tus clientes al saber que su sal\u00f3n de peluquer\u00eda les ofrece la posibilidad de vivir un viaje \u00fanico, calidad Premium, a un precio excepcional como premio a su fidelidad<\/p>\n<p style=\"text-align: center;\">\u00a1Emocionar\u00e1s a tus clientes!<\/p>\n[\/vc_column_text][vc_empty_space][vc_btn title=&#8221;Si, quiero conocer m\u00e1s&#8221; color=&#8221;blue&#8221; align=&#8221;center&#8221; el_class=&#8221;colorprofesional&#8221; link=&#8221;url:https%3A%2F%2Fwww.experienceswellness.com%2Findex.php%2Fformulario-profesionales%2F|title:Formulario%20Profesionales&#8221;][\/vc_tta_section][vc_tta_section title=&#8221;CENTROS DEPORTIVOS Y GIMNASIOS&#8221; tab_id=&#8221;1619692093334-6b5655ee-5e1d&#8221;][vc_empty_space][vc_column_text]\n<p style=\"text-align: center;\">Te propongo algo nuevo, original, una buena oportunidad de premiar y fidelizar a los abonados del centro ofreci\u00e9ndoles la oportunidad de vivir una experiencia de viaje exclusiva y de calidad dise\u00f1ada al detalle para tu Centro deportivo.<br \/>\n\u00a1Innovaci\u00f3n! Te ofrezco una l\u00ednea de negocio que va a diferenciar y enriquecer tu empresa.<br \/>\n\u00bfTe imaginas el impacto positivo de tus clientes al saber desde su centro deportivo de la posibilidad de vivir un viaje \u00fanico, calidad Premium, a un precio excepcional como premio a su fidelidad?<br \/>\n\u00a1Emocionar\u00e1s a tus clientes!<\/p>\n[\/vc_column_text][vc_empty_space][vc_btn title=&#8221;Si, quiero conocer m\u00e1s&#8221; color=&#8221;blue&#8221; align=&#8221;center&#8221; el_class=&#8221;colorprofesional&#8221; link=&#8221;url:https%3A%2F%2Fwww.experienceswellness.com%2Findex.php%2Fformulario-profesionales%2F|title:Formulario%20Profesionales&#8221;][\/vc_tta_section][vc_tta_section title=&#8221;EMPRESAS \/ NEGOCIOS&#8221; tab_id=&#8221;1619692094345-b21bf240-2969&#8243;][vc_empty_space][vc_column_text]\n<p style=\"text-align: center;\">\u00bfQuieres ofrecer experiencias de viaje personalizadas para tu empresa, adaptadas a tu sector?<\/p>\n<p style=\"text-align: center;\">Te proporciono una buena herramienta para fidelizar, alcanzar objetivos econ\u00f3micos, operativos y creativos.<\/p>\n<p style=\"text-align: center;\">\u00bfTe interesa abrir una l\u00ednea de negocio ofreciendo la posibilidad a tus clientes, trabajadores, proveedores, etc. de realizar un viaje exclusivo de calidad benefici\u00e1ndose de un precio excepcional que otorga tu empresa?<\/p>\n[\/vc_column_text][vc_empty_space][vc_btn title=&#8221;Si, quiero conocer m\u00e1s&#8221; color=&#8221;blue&#8221; align=&#8221;center&#8221; el_class=&#8221;colorprofesional&#8221; link=&#8221;url:https%3A%2F%2Fwww.experienceswellness.com%2Findex.php%2Fformulario-profesionales%2F|title:Formulario%20Profesionales&#8221;][\/vc_tta_section][vc_tta_section title=&#8221;ESCUELAS&#8221; tab_id=&#8221;1619692095125-3ddcfdb3-3c59&#8243;][vc_empty_space][vc_column_text]\n<p style=\"text-align: center;\">\u00bfQuieres motivar, premiar a tus alumnos con una experiencia de viaje totalmente personalizada para tu escuela?<\/p>\n<p style=\"text-align: center;\">\u00bfTe imaginas como puedes enriquecer el curso de formaci\u00f3n proporcionando a tus alumnos la experiencia de una prueba de estudios final en un viaje exclusivo para tu escuela?<\/p>\n<p style=\"text-align: center;\">\u00bfTe gustar\u00eda ofrecer a tus alumnos un viaje con vivencias \u00fanicas donde se incluir\u00e1n actividades seg\u00fan demanda de tu escuela?<\/p>\n<p style=\"text-align: center;\">Tus alumnos se emocionar\u00e1n y motivar\u00e1n al saber que su escuela ofrece a un precio excepcional la oportunidad de una experiencia privilegiada.<\/p>\n[\/vc_column_text][vc_empty_space][vc_btn title=&#8221;Si, quiero conocer m\u00e1s&#8221; color=&#8221;blue&#8221; align=&#8221;center&#8221; el_class=&#8221;colorprofesional&#8221; link=&#8221;url:https%3A%2F%2Fwww.experienceswellness.com%2Findex.php%2Fformulario-profesionales%2F|title:Formulario%20Profesionales&#8221;][\/vc_tta_section][\/vc_tta_tabs][\/vc_column][\/vc_row][vc_row][vc_column width=&#8221;1\/4&#8243;][\/vc_column][vc_column width=&#8221;1\/2&#8243;][vc_single_image image=&#8221;2687&#8243; img_size=&#8221;full&#8221; alignment=&#8221;center&#8221; style=&#8221;vc_box_shadow_3d&#8221;][\/vc_column][vc_column width=&#8221;1\/4&#8243;][\/vc_column][\/vc_row]\n","protected":false},"excerpt":{"rendered":"<p>[vc_row][vc_column][vc_empty_space][vc_text_separator title=&#8221;Bienvenido Profesianal&#8221; color=&#8221;custom&#8221; accent_color=&#8221;#004c98&#8243;][vc_empty_space][\/vc_column][\/vc_row][vc_row equal_height=&#8221;yes&#8221;][vc_column][vc_tta_tabs][vc_tta_section title=&#8221;AGENCIAS DE VIAJES&#8221; tab_id=&#8221;1619692087579-82337c3b-47d4&#8243;][vc_empty_space][vc_column_text] Soy representante de reconocidas empresas&hellip;<\/p>\n","protected":false},"author":1,"featured_media":0,"parent":0,"menu_order":0,"comment_status":"closed","ping_status":"closed","template":"","meta":[],"_links":{"self":[{"href":"https:\/\/www.experienceswellness.com\/index.php\/wp-json\/wp\/v2\/pages\/3443"}],"collection":[{"href":"https:\/\/www.experienceswellness.com\/index.php\/wp-json\/wp\/v2\/pages"}],"about":[{"href":"https:\/\/www.experienceswellness.com\/index.php\/wp-json\/wp\/v2\/types\/page"}],"author":[{"embeddable":true,"href":"https:\/\/www.experienceswellness.com\/index.php\/wp-json\/wp\/v2\/users\/1"}],"replies":[{"embeddable":true,"href":"https:\/\/www.experienceswellness.com\/index.php\/wp-json\/wp\/v2\/comments?post=3443"}],"version-history":[{"count":10,"href":"https:\/\/www.experienceswellness.com\/index.php\/wp-json\/wp\/v2\/pages\/3443\/revisions"}],"predecessor-version":[{"id":3583,"href":"https:\/\/www.experienceswellness.com\/index.php\/wp-json\/wp\/v2\/pages\/3443\/revisions\/3583"}],"wp:attachment":[{"href":"https:\/\/www.experienceswellness.com\/index.php\/wp-json\/wp\/v2\/media?parent=3443"}],"curies":[{"name":"wp","href":"https:\/\/api.w.org\/{rel}","templated":true}]}}