{"id":319,"date":"2016-08-23T04:15:21","date_gmt":"2016-08-23T04:15:21","guid":{"rendered":"http:\/\/demo.uix.store\/sober\/?page_id=319"},"modified":"2022-06-12T17:42:57","modified_gmt":"2022-06-12T15:42:57","slug":"maria-ojeda","status":"publish","type":"page","link":"https:\/\/www.experienceswellness.com\/index.php\/maria-ojeda\/","title":{"rendered":"Mar\u00eda Ojeda"},"content":{"rendered":"[vc_row full_width=&#8221;stretch_row&#8221; full_height=&#8221;yes&#8221; content_placement=&#8221;middle&#8221; parallax=&#8221;content-moving&#8221; disable_element=&#8221;yes&#8221; css=&#8221;.vc_custom_1619691015881{background-image: url(https:\/\/www.experienceswellness.com\/wp-content\/uploads\/2021\/02\/slider2c-EW.jpg?id=2670) !important;}&#8221;][vc_column][\/vc_column][\/vc_row][vc_row][vc_column][vc_empty_space][vc_column_text css_animation=&#8221;none&#8221;]\n<h2 style=\"text-align: center;\">Hola, te doy la bienvenida.<\/h2>\n<h3 style=\"text-align: center;\"><em>soy<\/em>\u00a0 MAR\u00cdA OJEDA<\/h3>\n<h5 style=\"text-align: center;\"><em>Travel &amp; Wellness C<\/em><em>oach<\/em><\/h5>\n[\/vc_column_text][\/vc_column][\/vc_row][vc_row][vc_column][vc_empty_space][vc_column_text]\n<p style=\"text-align: center;\">Te propongo vivir una aventura apasionante que <strong><em>cambiar\u00e1 tu vida personal y profesional<\/em><\/strong> a trav\u00e9s de experiencias \u00fanicas y exclusivas de Bienestar.<\/p>\n<p style=\"text-align: center;\">Quiero que seas Feliz y tengas un cuerpo sano y equilibrado, tus emociones en armon\u00eda.<\/p>\n<p style=\"text-align: center;\">Te proporciono un <strong>viaje<\/strong> hacia el bienestar con <strong>formaciones exclusivas<\/strong> que te facilitan herramientas f\u00e1ciles y \u00fatiles que te aportar\u00e1n lo que t\u00fa necesitas para sentirte bien, as\u00ed como distinguirte a nivel profesional y hacer tu espacio<strong> original, diferente y excepcional.<\/strong><strong>\u00a0<\/strong><\/p>\n<p style=\"text-align: center;\">Te doy la oportunidad de tener <strong>experiencias de viaje extraordinarias <\/strong>que enriquecer\u00e1n tu vida personal y profesional.<\/p>\n<p style=\"text-align: center;\"><strong>Te ofrezco<\/strong>: \u00a0 Crecimiento personal y profesional &#8211; Innovaci\u00f3n &#8211; Diferenciaci\u00f3n<\/p>\n[\/vc_column_text][vc_empty_space][vc_single_image image=&#8221;1591&#8243; img_size=&#8221;large&#8221; alignment=&#8221;center&#8221; style=&#8221;vc_box_shadow_3d&#8221;][vc_column_text]\n<p style=\"text-align: center;\"><em>\u201cEl objetivo de la vida es ser Feliz, sumar momentos fant\u00e1sticos\u201d<\/em><\/p>\n[\/vc_column_text][vc_empty_space][\/vc_column][\/vc_row][vc_row css=&#8221;.vc_custom_1613640972053{background-image: url(https:\/\/www.experienceswellness.com\/wp-content\/uploads\/2020\/12\/marca-agua-arbol-2.jpg?id=1087) !important;background-position: center !important;background-repeat: no-repeat !important;background-size: cover !important;}&#8221;][vc_column width=&#8221;1\/3&#8243;][vc_column_text]Me siento entusiasmada que est\u00e9s aqu\u00ed. Cuando so\u00f1\u00e9 con esta web puse toda mi <strong>energ\u00eda <\/strong>en encontrar la manera de transmitirte mi pasi\u00f3n por la vida de forma <strong>creativa.<\/strong><\/p>\n<p>Quien me conoce en persona destaca mi entrega al<strong> trabajo<\/strong>, mi capacidad de luchar apasionadamente por todo lo que hago y la <strong>alegr\u00eda<\/strong> que transmito.<\/p>\n<p>Disfruto ense\u00f1ando y acompa\u00f1ando a c\u00f3mo <strong>sentirse bien<\/strong> en su d\u00eda a d\u00eda, como <strong>diferenciarse e innovar<\/strong>, a personas como t\u00fa.<\/p>\n<p>Hace tiempo que descubr\u00ed que todo depende del <strong>c\u00f3mo vives tu d\u00eda a d\u00eda<\/strong>.<\/p>\n<p>\u00a1Y mi d\u00eda a d\u00eda es apasionante!<\/p>\n<p>\u00bfEst\u00e1s preparado para conocer tu plan de rutina diaria adem\u00e1s de formarte para poder aprender a elaborar el plan personal para tus clientes o comunidad que cambia y aumenta la calidad de vida?<\/p>\n<p>Desde muy peque\u00f1a tuve una gran inquietud con todo lo relacionado con la Naturaleza, las plantas y el bienestar de las personas. Tuve una abuela sabia de la que aprend\u00ed muchos remedios ancestrales. Sus consejos, heredados de sus antepasados, me cautivaban. Recuerdo que pon\u00eda en pr\u00e1ctica sus recetas naturales de belleza, que hac\u00eda probar a toda mi paciente familia.<\/p>\n<p>No es de extra\u00f1ar que me dedicara profesionalmente como especialista en <strong>est\u00e9tica facial y corporal.<\/strong>[\/vc_column_text][\/vc_column][vc_column width=&#8221;1\/3&#8243;][vc_column_text]Cuando era ni\u00f1a so\u00f1aba con mundos lejanos y ex\u00f3ticos, repletos de leyendas, me preguntaba c\u00f3mo personas de otros lugares viv\u00edan y se cuidaban con lo que les proporcionaba la naturaleza del lugar, sus costumbres, como era su vida en el d\u00eda a d\u00eda.<\/p>\n<p>Ahora, de mayor, he podido realizar mis sue\u00f1os viajando por el mundo. Unos viajes inici\u00e1ticos con el fin de aprender.<strong> En todas las culturas existe algo que nos nutre y nos hace crecer como persona<\/strong>. En mi apasionada b\u00fasqueda del bienestar y rico bagaje he encontrado herramientas que cambiaron mi vida, que estudi\u00e9 en profundidad para poderte transmitir y que t\u00fa tambi\u00e9n descubras los grandes beneficios que te aportar\u00e1n.<\/p>\n<p>En mi continuada b\u00fasqueda hacia el bienestar llega a mi vida una <strong>Ciencia Milenaria \u201cAyurveda\u201d, <\/strong>en la que me especializo en profundidad con los mejores y grandes Maestros.<\/p>\n<p>La pasi\u00f3n que sent\u00eda por el Ayurveda era tal, que me absorbi\u00f3 por completo su estudio.<\/p>\n<p>En 2011 llego a India pa\u00eds de origen de esta Ciencia Milenaria para profundizar en mis estudios.<\/p>\n<p>Me certifiqu\u00e9 en el <strong>International Institute of Ayurveda Medicine india.<\/strong><\/p>\n<p>Fruto de mi Amor por India y el Ayurveda hace que inicie una trayectoria de viajes constantes donde adquiero unos conocimientos profundos del pa\u00eds, la cultura, costumbres y secretos milenarios.<\/p>\n<p>Mi pasi\u00f3n por la cultura y paisaje, que me rob\u00f3 el coraz\u00f3n, cumplieron mi sue\u00f1o de ni\u00f1a de conocer lugares hist\u00f3ricos, tierras de cuentos y leyendas. Aprend\u00eda tantas cosas que, de forma natural, acab\u00e9 ayudando a muchas personas a organizar sus viajes a la Incre\u00edble India.<\/p>\n<p>Y ahora con mi gran recorrido y experiencia quiero compartir con el mundo y ayudarte a ti a planear una experiencia de viaje diferente, \u00fanica, exclusiva (que no olvidar\u00e1s), en los destinos en los que tengo un conocimiento absoluto:<strong> \u00a0India, Nepal, But\u00e1n, Sri Lanka\u00a0 y Maldivas. <\/strong>[\/vc_column_text][\/vc_column][vc_column width=&#8221;1\/3&#8243;][vc_column_text]<strong>Best of Spain<\/strong>: Son experiencias de viaje personalizadas para que puedas descubrir lugares con encanto, historia, cultura y gastronom\u00eda totalmente adaptado para ti.<\/p>\n<p>Adem\u00e1s, experiencias dise\u00f1adas para ti en<strong>; Yucat\u00e1n (M\u00e9xico) Tierra de Mayas, Ecuador Islas Gal\u00e1pagos, Per\u00fa \u201cuna experiencia al coraz\u00f3n del Machu Picchu<\/strong>\u201d.<\/p>\n<p>Porque <strong>\u201cLas Vueltas dan mucha Vida \u201c.<\/strong><\/p>\n<p><strong>Las Flores de Bach <\/strong>me acompa\u00f1aron desde muy joven por lo que me certifiqu\u00e9 como <strong>Terapeuta Floral<\/strong>. Ahora desde mi experiencia personal y profesional acompa\u00f1ando a muchas personas y profesionales puedo ayudarte a ti tambi\u00e9n.<\/p>\n<p>La m\u00fasica y el baile han formado parte de mi entorno desde la ni\u00f1ez. Entonces lleg\u00f3 el Flamenco donde me inicio con tan solo 10 a\u00f1os de edad. La alegr\u00eda que produc\u00eda el baile, a trav\u00e9s de la m\u00fasica y movimiento del cuerpo, expresando las emociones, me ayud\u00f3 a tener un cuerpo sano y equilibrado.<\/p>\n<p>Me enganch\u00e9 de tal manera que ahora es una parte indivisible de m\u00ed. Me form\u00e9 y me titul\u00e9 en<strong> baile flamenco <\/strong>y m\u00e1s adelante me certifiqu\u00e9 en <strong>Fit Gipsy Dance<\/strong>, fitness y flamenco terap\u00e9utico.<\/p>\n<p>La fusi\u00f3n del baile y la terapia hacen de mis clases una experiencia \u00fanica de bienestar que quiero que t\u00fa puedas conocer.<\/p>\n<p>A nivel Internacional la vida me lleva a <strong>Beijing (<\/strong>China) donde expando mi conocimiento en la Universidad de Telecomunicaciones.<\/p>\n<p style=\"text-align: justify;\">Posteriormente el mundo del flamenco me da la oportunidad como representante de una gran compa\u00f1\u00eda de baile espa\u00f1ola de recorrer este pa\u00eds de Asia Central, viviendo una experiencia y aventura intensa donde adquiero un aprendizaje profundo sobre todo lo relacionado con <strong>China <\/strong>que puedo transmitirte si tienes que viajar al pa\u00eds.<\/p>\n[\/vc_column_text][\/vc_column][\/vc_row][vc_row][vc_column][vc_empty_space][vc_cta h2=&#8221;&#8221; txt_align=&#8221;center&#8221; style=&#8221;flat&#8221; color=&#8221;green&#8221; css_animation=&#8221;none&#8221;]\n<h4 style=\"text-align: center;\"><span style=\"color: #ffffff;\"><strong>Experienceswellness.com<\/strong> es toda mi experiencia de largos a\u00f1os, personal y profesional. <\/span><\/h4>\n<h4 style=\"text-align: center;\"><span style=\"color: #ffffff;\">Un puente que te lleva al bienestar.<\/span><\/h4>\n<h4 style=\"text-align: center;\"><span style=\"color: #ffffff;\">\u00a1As\u00ed que prep\u00e1rate! aqu\u00ed empieza el camino y la aventura.<\/span><\/h4>\n[\/vc_cta][\/vc_column][\/vc_row][vc_row full_width=&#8221;stretch_row&#8221; full_height=&#8221;yes&#8221; content_placement=&#8221;middle&#8221; parallax=&#8221;content-moving&#8221; css=&#8221;.vc_custom_1613641503736{background-image: url(https:\/\/www.experienceswellness.com\/wp-content\/uploads\/2021\/02\/slider1-EW.jpg?id=2629) !important;}&#8221;][vc_column][vc_custom_heading text=&#8221;\u00bfQuieres cruzar el puente conmigo?&#8221; font_container=&#8221;tag:h1|text_align:center|color:%23ffffff&#8221; google_fonts=&#8221;font_family:Belleza%3Aregular|font_style:400%20regular%3A400%3Anormal&#8221; css=&#8221;.vc_custom_1613642447041{margin-bottom: 40% !important;}&#8221; el_class=&#8221;dcsocho&#8221;][\/vc_column][\/vc_row][vc_row][vc_column][vc_empty_space][\/vc_column][\/vc_row][vc_row][vc_column width=&#8221;1\/5&#8243;][\/vc_column][vc_column width=&#8221;1\/5&#8243;][vc_btn title=&#8221;VIAJES&#8221; color=&#8221;info&#8221; align=&#8221;center&#8221; button_block=&#8221;true&#8221; el_class=&#8221;colorviajes&#8221; link=&#8221;url:https%3A%2F%2Fwww.experienceswellness.com%2Findex.php%2Fviajes%2F|title:Viajes&#8221;][\/vc_column][vc_column width=&#8221;1\/5&#8243;][\/vc_column][vc_column width=&#8221;1\/5&#8243;][vc_btn title=&#8221;FLAMENCOTERAPIA&#8221; color=&#8221;danger&#8221; align=&#8221;center&#8221; button_block=&#8221;true&#8221; el_class=&#8221;colorbienestar&#8221; link=&#8221;url:https%3A%2F%2Fwww.experienceswellness.com%2Findex.php%2Fformulario-fit-gipsy-dance%2F|title:Bienestar&#8221;][\/vc_column][vc_column width=&#8221;1\/5&#8243;][\/vc_column][\/vc_row]\n","protected":false},"excerpt":{"rendered":"<p>[vc_row full_width=&#8221;stretch_row&#8221; full_height=&#8221;yes&#8221; content_placement=&#8221;middle&#8221; parallax=&#8221;content-moving&#8221; disable_element=&#8221;yes&#8221; css=&#8221;.vc_custom_1619691015881{background-image: url(https:\/\/www.experienceswellness.com\/wp-content\/uploads\/2021\/02\/slider2c-EW.jpg?id=2670) !important;}&#8221;][vc_column][\/vc_column][\/vc_row][vc_row][vc_column][vc_empty_space][vc_column_text css_animation=&#8221;none&#8221;] Hola, te doy la bienvenida.&hellip;<\/p>\n","protected":false},"author":1,"featured_media":0,"parent":0,"menu_order":0,"comment_status":"closed","ping_status":"closed","template":"","meta":[],"_links":{"self":[{"href":"https:\/\/www.experienceswellness.com\/index.php\/wp-json\/wp\/v2\/pages\/319"}],"collection":[{"href":"https:\/\/www.experienceswellness.com\/index.php\/wp-json\/wp\/v2\/pages"}],"about":[{"href":"https:\/\/www.experienceswellness.com\/index.php\/wp-json\/wp\/v2\/types\/page"}],"author":[{"embeddable":true,"href":"https:\/\/www.experienceswellness.com\/index.php\/wp-json\/wp\/v2\/users\/1"}],"replies":[{"embeddable":true,"href":"https:\/\/www.experienceswellness.com\/index.php\/wp-json\/wp\/v2\/comments?post=319"}],"version-history":[{"count":21,"href":"https:\/\/www.experienceswellness.com\/index.php\/wp-json\/wp\/v2\/pages\/319\/revisions"}],"predecessor-version":[{"id":3823,"href":"https:\/\/www.experienceswellness.com\/index.php\/wp-json\/wp\/v2\/pages\/319\/revisions\/3823"}],"wp:attachment":[{"href":"https:\/\/www.experienceswellness.com\/index.php\/wp-json\/wp\/v2\/media?parent=319"}],"curies":[{"name":"wp","href":"https:\/\/api.w.org\/{rel}","templated":true}]}}