{"id":2895,"date":"2021-02-23T18:29:43","date_gmt":"2021-02-23T17:29:43","guid":{"rendered":"https:\/\/www.experienceswellness.com\/?page_id=2895"},"modified":"2022-06-12T17:11:34","modified_gmt":"2022-06-12T15:11:34","slug":"fit-gipsy-dance","status":"publish","type":"page","link":"https:\/\/www.experienceswellness.com\/index.php\/bienestar\/fit-gipsy-dance\/","title":{"rendered":"Fit Gipsy Dance"},"content":{"rendered":"[vc_row][vc_column][vc_single_image image=&#8221;1458&#8243; img_size=&#8221;full&#8221; alignment=&#8221;center&#8221;][\/vc_column][\/vc_row][vc_row css=&#8221;.vc_custom_1610108519226{background-position: center !important;background-repeat: no-repeat !important;background-size: cover !important;}&#8221;][vc_column][vc_row_inner][vc_column_inner][vc_empty_space][\/vc_column_inner][\/vc_row_inner][vc_column_text css_animation=&#8221;none&#8221;]\n<h2 class=\"vc_custom_heading wpb_animate_when_almost_visible wpb_fadeIn fadeIn vc_custom_1610432542244 text-center wpb_start_animation animated\" style=\"text-align: center;\">Fitness\u00a0 &amp;\u00a0 flamenco terap\u00e9utico<\/h2>\n<div class=\"wpb_text_column wpb_content_element \">\n<div class=\"wpb_wrapper\">\n<h3 style=\"text-align: center;\"><em>Bienvenida a esta alegre y poderosa herramienta, experiencia de bienestar.<\/em><\/h3>\n<\/div>\n<\/div>\n[\/vc_column_text][vc_empty_space][\/vc_column][\/vc_row][vc_row][vc_column css=&#8221;.vc_custom_1620059261841{background-image: url(https:\/\/www.experienceswellness.com\/wp-content\/uploads\/2020\/12\/marca-agua-arbol-2.jpg?id=1087) !important;background-position: center !important;background-repeat: no-repeat !important;background-size: cover !important;}&#8221;][vc_column_text]\n<p style=\"text-align: center;\">Inf\u00f3rmate de los impresionantes talleres\u00a0 que organizo!!<\/p>\n<p style=\"text-align: center;\"><strong>Taller D\u00e9tox:<\/strong> Reducir volumen y bajar de peso.<\/p>\n<p style=\"text-align: center;\"><strong>Taller de Tonificaci\u00f3n: <\/strong>Reafirmaci\u00f3n corporal .<\/p>\n<p style=\"text-align: center;\">Prep\u00e1rate, <strong>\u00a8La experiencia empieza\u201d<\/strong><\/p>\n<p style=\"text-align: center;\">Te proporciono un plan de acci\u00f3n para tu jornada del d\u00eda, aprender\u00e1s sobre :<\/p>\n<p style=\"text-align: center;\">Alimentaci\u00f3n, ejercicio, infusiones y especias, t\u00e9cnicas de automasaje, etc.<\/p>\n<p style=\"text-align: center;\">Procedimientos sencillos con grandes resultados.<strong>\u00a0<\/strong><\/p>\n<p style=\"text-align: center;\"><strong>Y seguimos con la parte pr\u00e1ctica!!<\/strong><\/p>\n<p style=\"text-align: center;\">Empezar\u00e1s por un calentamiento.<\/p>\n<p style=\"text-align: center;\">Continuamos con ejercicios espec\u00edficos seg\u00fan la tem\u00e1tica del taller.<\/p>\n<p style=\"text-align: center;\">Te activar\u00e1s con mis indicaciones.<\/p>\n<p style=\"text-align: center;\">Todo aprendiendo a bailar, apoy\u00e1ndonos en la m\u00fasica flamenca y fusi\u00f3n: Rumba, tango, reggaeton, salsa, belly dance, tanguillos, alegr\u00edas, buler\u00edas, etc.<\/p>\n<p style=\"text-align: center;\">S\u00edgueme hasta el final.<\/p>\n<p style=\"text-align: center;\">Terminamos con un relajamiento y meditaci\u00f3n excepcionales.<\/p>\n<p style=\"text-align: center;\">Y, ahora, a la ducha y a ponerte en marcha con el plan de rutina diaria que que te llevar\u00e1 a conseguir tus objetivos de equilibrio y bienestar.<\/p>\n<p style=\"text-align: center;\">\u00bfQu\u00e9 te parece?<\/p>\n<p style=\"text-align: center;\">\u00bfTe apuntas?<\/p>\n[\/vc_column_text][vc_empty_space][vc_btn title=&#8221;Si, me apunto&#8221; color=&#8221;danger&#8221; align=&#8221;center&#8221; el_class=&#8221;colorbienestar&#8221; link=&#8221;url:https%3A%2F%2Fwww.experienceswellness.com%2Findex.php%2Fformulario-fit-gipsy-dance%2F|title:Formulario%20Fit%20Gipsy%20Dance&#8221;][\/vc_column][\/vc_row][vc_row][vc_column][vc_empty_space][vc_raw_html]JTVCcmVzcG9uc2l2ZV95b3V0dWJlJTIwS0hHODBic3A4TUElMjBub3JlbCU1RA==[\/vc_raw_html][\/vc_column][\/vc_row][vc_row][vc_column][vc_empty_space][vc_row_inner][vc_column_inner][vc_column_text]\n<h2 style=\"text-align: center;\">\u00bfQu\u00e9 es la Flamenco Terapia y qu\u00e9 me aporta a m\u00ed?<\/h2>\n<p style=\"text-align: center;\">Seg\u00fan la <strong>UNESCO<\/strong> (que reconoce el flamenco como un bien del patrimonio cultural inmaterial) se trata de una <strong>expresi\u00f3n art\u00edstica que expresa sentimientos y estados de \u00e1nimo<\/strong> mediante el baile, el cante y el toque.<br \/>\nLa terapia es un proceso que posibilita la <strong>curaci\u00f3n o el alivio de los desequilibrios<\/strong> y los s\u00edntomas que provocan.[\/vc_column_text][\/vc_column_inner][\/vc_row_inner][vc_separator][vc_row_inner][vc_column_inner width=&#8221;1\/4&#8243;][vc_empty_space][vc_single_image image=&#8221;3698&#8243; img_size=&#8221;full&#8221;][vc_empty_space][\/vc_column_inner][vc_column_inner width=&#8221;3\/4&#8243;][vc_empty_space][vc_column_text]\n<h2 style=\"text-align: center;\">A m\u00ed, personalmente, me ayuda a sentirme bien, mantengo mi cuerpo f\u00edsico en equilibrio, sano y fuerte, me aporta\u00a0<strong>Alegr\u00eda, Felicidad<\/strong>\u00a0y me libera del\u00a0<strong>Estr\u00e9s<\/strong><\/h2>\n[\/vc_column_text][vc_empty_space][\/vc_column_inner][\/vc_row_inner][vc_separator][vc_row_inner][vc_column_inner][vc_empty_space][vc_column_text]\n<p style=\"text-align: center;\">Se puede decir que, cuando participas en una sesi\u00f3n de <strong>Fitgipsy Dance<\/strong> est\u00e1s aprendiendo a bailar, quemas calor\u00edas, liberas la mente, disfrutas al mismo tiempo que inicias un proceso de crecimiento personal.<\/p>\n<blockquote>\n<h2 style=\"text-align: center;\">Tomas una mayor conciencia de tu cuerpo y de tus sentimientos interiores<\/h2>\n<\/blockquote>\n<h3 style=\"text-align: center;\"><strong>Adem\u00e1s:<\/strong><\/h3>\n<p style=\"text-align: center;\">\u25cf Equilibra y fortifica cuerpo y mente.<br \/>\n\u25cf Libera estr\u00e9s y tensi\u00f3n.<br \/>\n\u25cf Clarifica el pensamiento.<br \/>\n\u25cf Te hace feliz.<\/p>\n<h2 style=\"text-align: center;\">No s\u00e9 qu\u00e9 me pasa<\/h2>\n<p style=\"text-align: center;\"><em>Hay d\u00edas en que, sin saber por qu\u00e9, vas con el ce\u00f1o fruncido, apretando los dientes y con pensamientos irritativos constantes; trabajo, familia&#8230; te sientes fatigada, quiz\u00e1s tengas dolor muscular, no concilias el sue\u00f1o, sin humor, y adem\u00e1s sientes ansiedad , solo piensas en comer y no te entra el pantal\u00f3n.<\/em><\/p>\n<blockquote>\n<h2 style=\"text-align: center;\">Necesitas una v\u00e1lvula de escape y herramientas que te ayuden a sentirte bien<\/h2>\n<\/blockquote>\n<h2 style=\"text-align: center;\">Si te interesa estar en forma y sentirte bien contigo, entonces esto es para ti<\/h2>\n[\/vc_column_text][\/vc_column_inner][\/vc_row_inner][vc_column_text css_animation=&#8221;none&#8221; css=&#8221;.vc_custom_1620062239655{background-position: center !important;background-repeat: no-repeat !important;background-size: contain !important;}&#8221;]\n<div class=\"wpb_text_column wpb_content_element bqrojo\">\n<div class=\"wpb_wrapper\">\n<h2 style=\"text-align: center;\"><a href=\"https:\/\/www.experienceswellness.com\/wp-content\/uploads\/2021\/01\/ew-clasefit-2.jpg\"><img class=\"alignleft wp-image-1472 size-medium\" src=\"https:\/\/www.experienceswellness.com\/wp-content\/uploads\/2021\/01\/ew-clasefit-2-300x188.jpg\" alt=\"\" width=\"300\" height=\"188\" srcset=\"https:\/\/www.experienceswellness.com\/wp-content\/uploads\/2021\/01\/ew-clasefit-2-300x188.jpg 300w, https:\/\/www.experienceswellness.com\/wp-content\/uploads\/2021\/01\/ew-clasefit-2-937x588.jpg 937w, https:\/\/www.experienceswellness.com\/wp-content\/uploads\/2021\/01\/ew-clasefit-2-768x482.jpg 768w, https:\/\/www.experienceswellness.com\/wp-content\/uploads\/2021\/01\/ew-clasefit-2.jpg 1000w\" sizes=\"(max-width: 300px) 100vw, 300px\" \/><\/a><\/h2>\n<p style=\"text-align: center;\">Mis alumnas destacan mi trayectoria de m\u00e1s de 25 a\u00f1os , mi paciencia y la pasi\u00f3n que pongo en todas las clases y talleres.<\/p>\n<p style=\"text-align: center;\">La alegr\u00eda y empe\u00f1o en que te sientas bien y tengas una buena calidad de vida son mi prioridad.<\/p>\n<\/div>\n<\/div>\n<p>&nbsp;<\/p>\n<div class=\"wpb_text_column wpb_content_element bqrojo\">\n<p>&nbsp;<\/p>\n<div class=\"wpb_wrapper\"><\/div>\n<\/div>\n<div class=\"wpb_text_column wpb_content_element bqrojo\">\n<div class=\"wpb_wrapper\">\n<p style=\"text-align: center;\"><\/div>\n<\/div>\n[\/vc_column_text][vc_empty_space][vc_separator][vc_empty_space][\/vc_column][\/vc_row][vc_row][vc_column][vc_custom_heading text=&#8221;VIAJES &#8211; TALLERES&#8221; font_container=&#8221;tag:h3|text_align:center|color:%23000000&#8243; use_theme_fonts=&#8221;yes&#8221;][vc_empty_space][vc_separator][vc_empty_space][vc_row_inner][vc_column_inner width=&#8221;1\/2&#8243;][vc_column_text]\n<h4><strong>SESI\u00d3N DE TONIFICACI\u00d3N Y REJUVENECIMIENTO<\/strong><\/h4>\n<p>1 sesi\u00f3n de Fit Gipsy Dance + Plan de rutina diaria.<\/p>\n<p><strong>Descripci\u00f3n:<\/strong><br \/>\nElaboraci\u00f3n de un plan de rutina diaria que resolver\u00e1 todas tus dudas sobre c\u00f3mo vivir tu d\u00eda a d\u00eda para conseguir sentirte bien.<br \/>\nSesi\u00f3n pr\u00e1ctica de Tonificaci\u00f3n a trav\u00e9s de una poderosa y alegre herramienta de bienestar, fitness y flamenco terap\u00e9utico que te ayudar\u00e1 a mejorar tu estado f\u00edsico y emocional.<br \/>\nReafirmaci\u00f3n y rejuvenecimiento de brazos, abdomen, gl\u00fateos, piernas.<\/p>\n<p><strong>Duraci\u00f3n:<\/strong> 2h<br \/>\n<strong>Incluye: <\/strong>Documento descargable \u201celaboraci\u00f3n plan de rutina diaria\u201d.<\/p>\n<p><strong>Precio:<\/strong> <em>consultar<\/em>[\/vc_column_text][\/vc_column_inner][vc_column_inner width=&#8221;1\/2&#8243;][vc_single_image image=&#8221;3698&#8243; img_size=&#8221;full&#8221; alignment=&#8221;center&#8221;][\/vc_column_inner][\/vc_row_inner][vc_empty_space][vc_separator][vc_empty_space][vc_empty_space][vc_separator][vc_empty_space][vc_row_inner][vc_column_inner width=&#8221;1\/2&#8243;][vc_column_text]\n<h4><strong>SESI\u00d3N DETOX<\/strong><\/h4>\n<p>1 sesi\u00f3n de Fit Gipsy Dance + Plan de rutina diaria.<\/p>\n<p><strong>Descripci\u00f3n:<\/strong><br \/>\nSesi\u00f3n enfocada a tus objetivos.<br \/>\nElaboraci\u00f3n de un plan de rutina diaria que resolver\u00e1 todas tus dudas sobre c\u00f3mo vivir tu d\u00eda a d\u00eda para conseguir sentirte bien.<br \/>\nSesi\u00f3n pr\u00e1ctica d\u00e9tox a trav\u00e9s de una poderosa y alegre herramienta de bienestar, fitness y flamenco terap\u00e9utico que te ayudar\u00e1 a mejorar tu estado f\u00edsico, eliminaras toxinas, perdida de volumen, grasa, mejora postural, equilibrio mental y emocional.<\/p>\n<p><strong>Duraci\u00f3n:<\/strong> 2h<br \/>\n<strong>Incluye: <\/strong>Documento descargable \u201celaboraci\u00f3n plan de rutina diaria\u201d.<\/p>\n<p><strong>Precio:<\/strong> <em>consultar<\/em>[\/vc_column_text][\/vc_column_inner][vc_column_inner width=&#8221;1\/2&#8243;][vc_single_image image=&#8221;3660&#8243; img_size=&#8221;full&#8221; alignment=&#8221;center&#8221;][\/vc_column_inner][\/vc_row_inner][vc_empty_space][vc_separator][vc_empty_space][\/vc_column][\/vc_row][vc_row][vc_column width=&#8221;1\/2&#8243;][vc_custom_heading text=&#8221;TESTIMONIO&#8221; font_container=&#8221;tag:h2|text_align:center&#8221; use_theme_fonts=&#8221;yes&#8221;][vc_column_text]\n<p style=\"text-align: justify;\">Quiero compartir mi experiencia de las clases de FIT GIPSY DANCE que asisto con Mar\u00eda Ojeda, desde hace ya varios meses. Son clases muy din\u00e1micas, alegres e intensas, aunque no son agresivas para nuestras articulaciones.<\/p>\n<p style=\"text-align: justify;\">La m\u00fasica flamenca como rumbas o buler\u00edas, hace que las clases sean muy animadas.<br \/>\nTrabajamos todas las partes del cuerpo, piernas, brazos, cadera, abdomen, lumbares \u2026, pero lo que me provoca un efecto muy fuerte es sobre mi estado de \u00e1nimo. Cuando termino la clase me siento bien conmigo misma, relajada y contenta. Vale la pena probarlo, el efecto es inmediato.<\/p>\n<p><strong>\u00a0 \u00a0 \u00a0\u00a0<a href=\"https:\/\/www.experienceswellness.com\/wp-content\/uploads\/2021\/05\/Testimonio-Fitgipsy-Dance-Laia.jpg\"><img class=\"alignnone wp-image-3490\" src=\"https:\/\/www.experienceswellness.com\/wp-content\/uploads\/2021\/05\/Testimonio-Fitgipsy-Dance-Laia.jpg\" sizes=\"(max-width: 72px) 100vw, 72px\" srcset=\"https:\/\/www.experienceswellness.com\/wp-content\/uploads\/2021\/05\/Testimonio-Fitgipsy-Dance-Laia.jpg 214w, https:\/\/www.experienceswellness.com\/wp-content\/uploads\/2021\/05\/Testimonio-Fitgipsy-Dance-Laia-150x150.jpg 150w, https:\/\/www.experienceswellness.com\/wp-content\/uploads\/2021\/05\/Testimonio-Fitgipsy-Dance-Laia-100x100.jpg 100w\" alt=\"\" width=\"72\" height=\"72\" \/>\u00a0\u00a0 \u00a0 \u00a0<\/a>Laia Creus \u2013<\/strong>\u00a0<em>Comercial de ventas.<\/em>[\/vc_column_text][vc_empty_space][\/vc_column][vc_column width=&#8221;1\/2&#8243;][vc_column_text]\n<p style=\"text-align: center;\"><strong>\u00bfA qu\u00e9 esperas?<\/strong><\/p>\n<p style=\"text-align: center;\">Disfruta aprendiendo a bailar .<\/p>\n<p style=\"text-align: center;\">Mejora tu confianza y autoestima.<\/p>\n<p style=\"text-align: center;\">Quema ese exceso de grasa.<\/p>\n<p style=\"text-align: center;\">Tonifica todo tu cuerpo .<\/p>\n<p style=\"text-align: center;\">Elimina tensi\u00f3n y estr\u00e9s.<\/p>\n<p style=\"text-align: center;\">Mejora la postura de tu espalda.<\/p>\n<p style=\"text-align: center;\">Flexibiliza y fortifica tus articulaciones.<\/p>\n<p style=\"text-align: center;\">Aumenta tu memoria y concentraci\u00f3n.<\/p>\n<p style=\"text-align: center;\">Coord\u00ednate mejor.<\/p>\n<p style=\"text-align: center;\"><strong>En poco tiempo te vas a ver tal y como te imaginas.<\/strong><\/p>\n[\/vc_column_text][vc_empty_space][vc_btn title=&#8221;Si, me apunto&#8221; color=&#8221;danger&#8221; align=&#8221;center&#8221; el_class=&#8221;colorbienestar&#8221; link=&#8221;url:https%3A%2F%2Fwww.experienceswellness.com%2Findex.php%2Fformulario-fit-gipsy-dance%2F|title:Formulario%20Fit%20Gipsy%20Dance&#8221;][\/vc_column][\/vc_row][vc_row][vc_column][vc_empty_space][vc_row_inner disable_element=&#8221;yes&#8221;][vc_column_inner width=&#8221;1\/2&#8243;][vc_empty_space][vc_single_image image=&#8221;1471&#8243; img_size=&#8221;full&#8221; alignment=&#8221;center&#8221; style=&#8221;vc_box_shadow_3d&#8221;][\/vc_column_inner][vc_column_inner width=&#8221;1\/2&#8243;][vc_single_image image=&#8221;1472&#8243; img_size=&#8221;full&#8221; alignment=&#8221;center&#8221; style=&#8221;vc_box_shadow_3d&#8221;][\/vc_column_inner][\/vc_row_inner][\/vc_column][\/vc_row][vc_row disable_element=&#8221;yes&#8221;][vc_column width=&#8221;1\/5&#8243;][vc_btn title=&#8221;MAR\u00cdA OJEDA&#8221; color=&#8221;success&#8221; align=&#8221;center&#8221; button_block=&#8221;true&#8221; el_class=&#8221;colorviajes&#8221; link=&#8221;url:https%3A%2F%2Fwww.experienceswellness.com%2Findex.php%2Fmaria-ojeda%2F|title:Mar%C3%ADa%20Ojeda&#8221;][\/vc_column][vc_column width=&#8221;1\/5&#8243;][vc_btn title=&#8221;VIAJES&#8221; color=&#8221;info&#8221; align=&#8221;center&#8221; button_block=&#8221;true&#8221; el_class=&#8221;colorbienestar&#8221; link=&#8221;url:https%3A%2F%2Fwww.experienceswellness.com%2Findex.php%2Fviajes%2F|title:Viajes&#8221;][\/vc_column][vc_column width=&#8221;1\/5&#8243;][vc_btn title=&#8221;REGALOS&#8221; align=&#8221;center&#8221; button_block=&#8221;true&#8221; el_class=&#8221;colorregalos&#8221; link=&#8221;url:https%3A%2F%2Fwww.experienceswellness.com%2Findex.php%2Fregalos%2F|title:Regalos&#8221;][\/vc_column][vc_column width=&#8221;1\/5&#8243;][vc_btn title=&#8221;PROFESIONALES&#8221; color=&#8221;blue&#8221; align=&#8221;center&#8221; button_block=&#8221;true&#8221; el_class=&#8221;colorprofesional&#8221; link=&#8221;url:https%3A%2F%2Fwww.experienceswellness.com%2Findex.php%2Fregister%2F&#8221;][\/vc_column][vc_column width=&#8221;1\/5&#8243;][vc_btn title=&#8221;BLOG&#8221; color=&#8221;warning&#8221; align=&#8221;center&#8221; button_block=&#8221;true&#8221; el_class=&#8221;colorblog&#8221; link=&#8221;url:https%3A%2F%2Fwww.experienceswellness.com%2Findex.php%2Fblog-2%2F|title:Blog&#8221;][\/vc_column][\/vc_row][vc_row][vc_column][vc_separator][vc_column_text]\n<h4 style=\"text-align: center;\"><strong>Profesionales sector de la est\u00e9tica y bienestar<\/strong><\/h4>\n<p style=\"text-align: center;\">Transforma y potencia tus tratamientos corporales<\/p>\n<p style=\"text-align: center;\">Talleres exclusivos para profesionales.<\/p>\n[\/vc_column_text][vc_empty_space][vc_btn title=&#8221;PROFESIONALES&#8221; color=&#8221;blue&#8221; align=&#8221;center&#8221; el_class=&#8221;colorprofesional&#8221; link=&#8221;url:https%3A%2F%2Fwww.experienceswellness.com%2Findex.php%2Fprofesionales-2%2F|title:Profesionales&#8221;][\/vc_column][\/vc_row]\n","protected":false},"excerpt":{"rendered":"<p>[vc_row][vc_column][vc_single_image image=&#8221;1458&#8243; img_size=&#8221;full&#8221; alignment=&#8221;center&#8221;][\/vc_column][\/vc_row][vc_row css=&#8221;.vc_custom_1610108519226{background-position: center !important;background-repeat: no-repeat !important;background-size: cover !important;}&#8221;][vc_column][vc_row_inner][vc_column_inner][vc_empty_space][\/vc_column_inner][\/vc_row_inner][vc_column_text css_animation=&#8221;none&#8221;] Fitness\u00a0 &amp;\u00a0 flamenco&hellip;<\/p>\n","protected":false},"author":1,"featured_media":0,"parent":2695,"menu_order":0,"comment_status":"closed","ping_status":"closed","template":"","meta":[],"_links":{"self":[{"href":"https:\/\/www.experienceswellness.com\/index.php\/wp-json\/wp\/v2\/pages\/2895"}],"collection":[{"href":"https:\/\/www.experienceswellness.com\/index.php\/wp-json\/wp\/v2\/pages"}],"about":[{"href":"https:\/\/www.experienceswellness.com\/index.php\/wp-json\/wp\/v2\/types\/page"}],"author":[{"embeddable":true,"href":"https:\/\/www.experienceswellness.com\/index.php\/wp-json\/wp\/v2\/users\/1"}],"replies":[{"embeddable":true,"href":"https:\/\/www.experienceswellness.com\/index.php\/wp-json\/wp\/v2\/comments?post=2895"}],"version-history":[{"count":40,"href":"https:\/\/www.experienceswellness.com\/index.php\/wp-json\/wp\/v2\/pages\/2895\/revisions"}],"predecessor-version":[{"id":3817,"href":"https:\/\/www.experienceswellness.com\/index.php\/wp-json\/wp\/v2\/pages\/2895\/revisions\/3817"}],"up":[{"embeddable":true,"href":"https:\/\/www.experienceswellness.com\/index.php\/wp-json\/wp\/v2\/pages\/2695"}],"wp:attachment":[{"href":"https:\/\/www.experienceswellness.com\/index.php\/wp-json\/wp\/v2\/media?parent=2895"}],"curies":[{"name":"wp","href":"https:\/\/api.w.org\/{rel}","templated":true}]}}