{"id":2871,"date":"2021-02-23T16:28:42","date_gmt":"2021-02-23T15:28:42","guid":{"rendered":"https:\/\/www.experienceswellness.com\/?page_id=2871"},"modified":"2022-06-12T17:13:13","modified_gmt":"2022-06-12T15:13:13","slug":"flores-de-bach","status":"publish","type":"page","link":"https:\/\/www.experienceswellness.com\/index.php\/bienestar\/flores-de-bach\/","title":{"rendered":"Flores de Bach"},"content":{"rendered":"[vc_row css=&#8221;.vc_custom_1610108519226{background-position: center !important;background-repeat: no-repeat !important;background-size: cover !important;}&#8221;][vc_column][vc_row_inner][vc_column_inner][vc_empty_space][\/vc_column_inner][\/vc_row_inner][vc_column_text css_animation=&#8221;none&#8221; css=&#8221;.vc_custom_1616858164443{background-image: url(https:\/\/www.experienceswellness.com\/wp-content\/uploads\/2020\/12\/marca-agua-arbol-2.jpg?id=1087) !important;background-position: center !important;background-repeat: no-repeat !important;background-size: contain !important;}&#8221;]\n<p style=\"text-align: center;\"><strong>\u00bfQu\u00e9 son las Flores de Bach?<\/strong><\/p>\n<p style=\"text-align: center;\">Un viaje en el tiempo nos traslada hasta Mosley cerca de Birmingham (Inglaterra) donde un 24 de septiembre de 1886 nace <strong>Edward Bach<\/strong>.<br \/>\nEdward Bach, m\u00e9dico ingl\u00e9s bacteri\u00f3logo, pat\u00f3logo y home\u00f3pata. Su gran sensibilidad, pasi\u00f3n y admiraci\u00f3n por la naturaleza, su compromiso y b\u00fasqueda continuada le lleva a desarrollar un sistema de terapia natural de 38 esencias florales qu\u00e9 dejara como legado para toda la humanidad.<br \/>\n<em>Gracias Edward Bach<\/em>.[\/vc_column_text][vc_empty_space][vc_row_inner][vc_column_inner][vc_single_image image=&#8221;1607&#8243; img_size=&#8221;full&#8221; alignment=&#8221;center&#8221; style=&#8221;vc_box_shadow_3d&#8221;][\/vc_column_inner][\/vc_row_inner][vc_row_inner css=&#8221;.vc_custom_1614076439433{background-image: url(https:\/\/www.experienceswellness.com\/wp-content\/uploads\/2020\/12\/marca-agua-arbol-2.jpg?id=1087) !important;background-position: center !important;background-repeat: no-repeat !important;background-size: contain !important;}&#8221;][vc_column_inner][vc_column_text css_animation=&#8221;none&#8221;]\n<p style=\"text-align: center;\"><strong>Las 38 Flores de Bach<\/strong><\/p>\n<p style=\"text-align: center;\">\u00bfC\u00f3mo te pueden ayudar? Breve descripci\u00f3n.<\/p>\n<p><strong>Agrimony<\/strong>: Sufrimiento ocultado por falsa alegr\u00eda. Ocultaci\u00f3n. Negaci\u00f3n. Tortura mental, emocional y f\u00edsica encubiertas. Ansiedad. Angustia.<br \/>\n<strong>Aspen<\/strong>: Miedo de origen desconocido. Aprensi\u00f3n. Presagio. Ansiedad. Angustia.<br \/>\n<strong>Beech<\/strong>: Irritaci\u00f3n. Rechazo. Intolerancia. Falta de adaptaci\u00f3n. Agresividad. Rigidez.<br \/>\n<strong>Centaury<\/strong>: Debilidad. Sometimiento. Inseguridad. Dificultad para poner l\u00edmites. Miedo al rechazo y la soledad. Excesiva dependencia de los dem\u00e1s.<br \/>\n<strong>Cerato<\/strong>: Influenciabilidad. Dispersi\u00f3n. Duda o carencia del propio criterio. B\u00fasqueda de consejo constante.<br \/>\n<strong>Cherry Plum<\/strong>: Descontrol. Desesperaci\u00f3n. Tensi\u00f3n. Miedo a perder el control.<br \/>\n<strong>Chestnut Bud<\/strong>: Falta de observaci\u00f3n. Repetici\u00f3n de errores. Problemas de aprendizaje.<br \/>\n<strong>Chicory<\/strong>: Posesividad. Sensaci\u00f3n de poca recompensa. Carencia afectiva. Autocompasi\u00f3n. Dominaci\u00f3n. Dramatismo. Histrionismo. Ansiedad. Miedo al rechazo y la soledad<br \/>\n<strong>Clematis<\/strong>: Falta de atenci\u00f3n. Somnolencia. Apat\u00eda. Aislamiento pasivo. Inconsciencia<br \/>\n<strong>Crab Apple<\/strong>: Obsesividad, fijaci\u00f3n en peque\u00f1os detalles. Verg\u00fcenza. Perfeccionismo. Sensaci\u00f3n de suciedad e impureza f\u00edsica o ps\u00edquica. Remedio depurador.<br \/>\n<strong>Elm<\/strong>: Estr\u00e9s. Desbordamiento. Exceso de responsabilidad y auto exigencia. Dificultad para delegar. Perfeccionismo. Obsesividad. Rigidez.<br \/>\n<strong>Gentian<\/strong>: Des\u00e1nimo. Pesimismo. Incertidumbre. Negatividad. Escepticismo.<\/p>\n<p style=\"text-align: center;\"><strong>Wild Oat<\/strong>: Desorientaci\u00f3n. Insatisfacci\u00f3n por vocaci\u00f3n dudosa. Dispersi\u00f3n. Vaci\u00f3 existencial. Des\u00e1nimo.<br \/>\n<strong>Wild Rose<\/strong>: Indiferencia. Apat\u00eda. Aislamiento.<br \/>\n<strong>Willow<\/strong>: Resentimiento. Rencor. Irritaci\u00f3n. Retenci\u00f3n. Amargura. Sentir frustraci\u00f3n y fracaso. Rigidez.<br \/>\n<strong>Rescue<\/strong>: Remedio para situaciones de emergencia compuesto por cinco flores: Rock rose, Clematis, Impatiens. Cherry Plum y Star of Bethelehem.[\/vc_column_text][\/vc_column_inner][\/vc_row_inner][\/vc_column][\/vc_row][vc_row][vc_column][vc_separator][vc_empty_space height=&#8221;60px&#8221;][vc_custom_heading text=&#8221;VIAJES &#8211; TALLERES&#8221; font_container=&#8221;tag:h2|text_align:center|color:%23000000&#8243; use_theme_fonts=&#8221;yes&#8221;][vc_empty_space][vc_row_inner][vc_column_inner width=&#8221;1\/2&#8243;][vc_column_text]\n<h4><strong>PLAN DE RUTINA DIARIA<\/strong><\/h4>\n<p><strong>Descripci\u00f3n:<\/strong><br \/>\nLa salud se gana o se pierde dependiendo de c\u00f3mo vivimos el d\u00eda a d\u00eda.<br \/>\nEsta sesi\u00f3n te ofrece herramientas para conseguir una buena calidad de vida y bienestar a trav\u00e9s de la correcta gesti\u00f3n de tu rutina diaria.<br \/>\n<strong>Vas a obtener:<\/strong><br \/>\nPlan de acci\u00f3n pautado para tu jornada del d\u00eda:<br \/>\nAlimentaci\u00f3n, ejercicio, c\u00f3mo cocinar los alimentos, infusiones y especias, t\u00e9cnicas de auto masaje, pauta de flores de Bach.<br \/>\nProcedimientos sencillos con grandes resultados.<br \/>\n<strong>Duraci\u00f3n:<\/strong> 2h<br \/>\n<strong>Incluye:<\/strong> Documento descargable \u201celaboraci\u00f3n plan de rutina diaria\u201d.<\/p>\n<p><strong>Precio:<\/strong> <em>consultar<\/em>[\/vc_column_text][\/vc_column_inner][vc_column_inner width=&#8221;1\/2&#8243;][vc_single_image image=&#8221;3691&#8243; img_size=&#8221;full&#8221; alignment=&#8221;center&#8221;][\/vc_column_inner][\/vc_row_inner][vc_empty_space][vc_separator][vc_empty_space][\/vc_column][\/vc_row][vc_row equal_height=&#8221;yes&#8221;][vc_column width=&#8221;1\/2&#8243;][vc_single_image image=&#8221;1512&#8243; img_size=&#8221;full&#8221; alignment=&#8221;center&#8221; style=&#8221;vc_box_shadow_3d&#8221;][\/vc_column][vc_column width=&#8221;1\/2&#8243; css=&#8221;.vc_custom_1614098367540{background-image: url(https:\/\/www.experienceswellness.com\/wp-content\/uploads\/2021\/02\/ew-flores-bach-3.png?id=1611) !important;background-position: center !important;background-repeat: no-repeat !important;background-size: contain !important;}&#8221;][vc_empty_space height=&#8221;100px&#8221;][vc_custom_heading text=&#8221;Profesionales&#8221; font_container=&#8221;tag:h2|text_align:center&#8221; use_theme_fonts=&#8221;yes&#8221;][vc_btn title=&#8221;TALLER FLORES DE BACH Y AYURVEDA&#8221; color=&#8221;danger&#8221; align=&#8221;center&#8221; el_class=&#8221;colorbienestar&#8221; link=&#8221;url:https%3A%2F%2Fwww.experienceswellness.com%2Findex.php%2Fproducto%2Fayurveda-y-flores-de-bach%2F&#8221;][\/vc_column][\/vc_row][vc_row][vc_column][vc_empty_space][vc_separator][vc_empty_space][\/vc_column][\/vc_row][vc_row][vc_column][vc_custom_heading text=&#8221;ALGUNAS BIBLIOGRAF\u00cdAS&#8221; font_container=&#8221;tag:h2|text_align:center&#8221; use_theme_fonts=&#8221;yes&#8221;][vc_tta_tabs][vc_tta_section title=&#8221;Flores de Bach&#8221; tab_id=&#8221;1614095501133-698360d1-a0d2&#8243;][vc_row_inner css=&#8221;.vc_custom_1614096733391{background-color: #ffffff !important;}&#8221;][vc_column_inner width=&#8221;1\/4&#8243;][vc_empty_space height=&#8221;80px&#8221;][vc_single_image image=&#8221;2876&#8243; img_size=&#8221;full&#8221; alignment=&#8221;center&#8221;][\/vc_column_inner][vc_column_inner width=&#8221;3\/4&#8243; css=&#8221;.vc_custom_1614096799031{background-image: url(https:\/\/www.experienceswellness.com\/wp-content\/uploads\/2020\/12\/marca-agua-arbol-2.jpg?id=1087) !important;background-position: center !important;background-repeat: no-repeat !important;background-size: contain !important;}&#8221;][vc_column_text]\n<h3><strong>Flores de Bach<\/strong><\/h3>\n<p>Patr\u00f3n Transpersonal\u00ae y Aplicaciones locales. Territorios tipol\u00f3gicos.<\/p>\n<p>Las Flores de Bach constituyen una de las terapias naturales m\u00e1s difundidas y que m\u00e1s aceptaci\u00f3n tienen en la actualidad. Existe un amplio consenso sobre los efectos beneficiosos que sobre la mente y las emociones tiene la terapia floral. Sin embargo, la bibliograf\u00eda existente sobre sus efectos f\u00edsicos en uso t\u00f3pico es muy escasa.<br \/>\nEl Dr. Orozco lleva trabajando con las aplicaciones locales desde 1994. En 1996 y en 2003 reflej\u00f3 sus resultados y sistematizaciones en Flores de Bach: Manual para terapeutas avanzados y en su famoso Manual de aplicaciones Locales, dos libros que alcanzaron una gran difusi\u00f3n entre los terapeutas florales de la \u00e9poca.<br \/>\nLa terapia floral de Bach es una t\u00e9cnica muy personalizada que tiene en todo momento en cuenta los problemas y motivaciones del cliente. Sin embargo, existen una serie de aplicaciones no personalizadas, es decir transpersonales, que proceden de la traducci\u00f3n floral de las manifestaciones, los signos y los s\u00edntomas que el cliente presenta. A esta clave de lectura, Orozco le llama Patr\u00f3n Transpersonal\u00ae, una formidable herramienta para complementar los tratamientos personalizados mencionados anteriormente y que se desarrolla extensamente en el presente manual.<br \/>\nPero el libro depara dos sorpresas m\u00e1s: algunas evidencias cient\u00edficas publicadas sobre la eficacia de las Flores de Bach mediante el uso del Patr\u00f3n Transpersonal\u00ae, y un profundo trabajo sobre los Territorios Florales Tipol\u00f3gicos. Y verdaderamente este \u00faltimo tema est\u00e1 llamado a inaugurar una nueva forma de entender y aplicar las esencias.<br \/>\nActualmente los libros de Ricardo Orozco son bibliograf\u00eda obligada de las escuelas de terapia floral m\u00e1s prestigiosas. La presente obra demuestra sobradamente el motivo de ello.<\/p>\n<p><strong>Autor<\/strong>: Ricardo Orozco<br \/>\n<strong>N\u00ba p\u00e1ginas<\/strong>: 285 p\u00e1g.<br \/>\n<strong>Lengua<\/strong>: Castellano[\/vc_column_text][vc_empty_space][\/vc_column_inner][\/vc_row_inner][\/vc_tta_section][vc_tta_section title=&#8221;Inteligencia Emocional y Flores de Bach&#8221; tab_id=&#8221;1614095501150-5a07ca50-f365&#8243;][vc_row_inner css=&#8221;.vc_custom_1614096733391{background-color: #ffffff !important;}&#8221;][vc_column_inner width=&#8221;1\/4&#8243;][vc_empty_space height=&#8221;80px&#8221;][vc_single_image image=&#8221;2877&#8243; img_size=&#8221;full&#8221; alignment=&#8221;center&#8221;][\/vc_column_inner][vc_column_inner width=&#8221;3\/4&#8243; css=&#8221;.vc_custom_1614096799031{background-image: url(https:\/\/www.experienceswellness.com\/wp-content\/uploads\/2020\/12\/marca-agua-arbol-2.jpg?id=1087) !important;background-position: center !important;background-repeat: no-repeat !important;background-size: contain !important;}&#8221;][vc_column_text]\n<h3><strong>Inteligencia Emocional y Flores de Bach<\/strong><\/h3>\n<p>Tipos de Personalidad en Psicolog\u00eda Contempor\u00e1nea.<\/p>\n<p>Libro en coautor\u00eda con Boris C. Rodr\u00edguez. Se trata de un trabajo eminentemente cient\u00edfico pero muy accesible para el p\u00fablico en general. La primera parte traduce el concepto de inteligencia emocional, sistematizado por Daniel Goleman, al lenguaje floral aportando herramientas pr\u00e1cticas para su aplicaci\u00f3n en la cl\u00ednica floral y en la vida cotidiana. La segunda parte del libro est\u00e1 destinada al estudio de los tipos de personalidad desde el prisma de la psicolog\u00eda contempor\u00e1nea, tomando como base el trabajo de Theodore Millon y el DSM lV. Se consigue en este trabajo una traducci\u00f3n inmediata de las descripciones psicol\u00f3gicas al lenguaje floral, con numerosos aportes de la experiencia cl\u00ednica de los autores. Se trata de un interesante puente entre la terapia floral y la psicolog\u00eda contempor\u00e1nea, para ser transitado sin prejuicios, tanto por terapeutas florales que se interesan por acceder al lenguaje psicol\u00f3gico, como por psic\u00f3logos que se sienten atra\u00eddos por la terapia floral.<\/p>\n<p><strong>Autores<\/strong>: Dr. Ricardo Orozco y Boris Rodr\u00edguez<br \/>\n<strong>N\u00ba p\u00e1ginas<\/strong>:260 p\u00e1g.<br \/>\n<strong>Lengua<\/strong>: Castellano<br \/>\n<strong>Formato<\/strong>: Tapa blanda 15x23cm<br \/>\n<strong>ISBN<\/strong>: 978-84-96381-27-8<br \/>\n<strong>Editor<\/strong>: Indigo \/ Barcelona. 2005<br \/>\n<strong>Otros detalles<\/strong>: 4 estrellas -223 comentarios<br \/>\n<strong>Autores<\/strong>: Dr. Ricardo Orozco<br \/>\n<strong>N\u00ba p\u00e1ginas<\/strong>:176pag.<br \/>\n<strong>Lengua<\/strong>: Castellano<br \/>\n<strong>Formato<\/strong>: Tapa blanda 18x25cm<br \/>\n<strong>ISBN<\/strong>: 9788493809164<br \/>\n<strong>Editor<\/strong>: El grano de mostaza \/ Barcelona. 2011<br \/>\n<strong>Otros detalles<\/strong>: 4 estrellas.[\/vc_column_text][vc_empty_space][\/vc_column_inner][\/vc_row_inner][\/vc_tta_section][vc_tta_section title=&#8221;Recursos y estrategias terap\u00e9uticas&#8221; tab_id=&#8221;1614097286630-9f019f49-79f1&#8243;][vc_row_inner css=&#8221;.vc_custom_1614096733391{background-color: #ffffff !important;}&#8221;][vc_column_inner width=&#8221;1\/4&#8243;][vc_empty_space height=&#8221;80px&#8221;][vc_single_image image=&#8221;2878&#8243; img_size=&#8221;full&#8221; alignment=&#8221;center&#8221;][\/vc_column_inner][vc_column_inner width=&#8221;3\/4&#8243; css=&#8221;.vc_custom_1614096799031{background-image: url(https:\/\/www.experienceswellness.com\/wp-content\/uploads\/2020\/12\/marca-agua-arbol-2.jpg?id=1087) !important;background-position: center !important;background-repeat: no-repeat !important;background-size: contain !important;}&#8221;][vc_column_text]\n<h3><strong>Recursos y estrategias terap\u00e9uticas &#8211; Flores de Bach<\/strong><\/h3>\n<p>Es mucha la gente que mejora tomando las Flores de Bach, y eso ha contribuido, definitivamente, a la gran difusi\u00f3n de la que gozan las esencias en la actualidad. Sin embargo, los autores de este trabajo consideran que existe una marcada diferencia entre o Flores de Bach y un proceso terap\u00e9utico floral.<br \/>\nEn este libro, el Dr. Ricardo Orozco y la terapeuta Carmen Hern\u00e1ndez Rosety, parten de la base de que ya existe suficiente literatura descriptiva sobre las Flores de Bach, muy poca sobre su buen uso, y a\u00fan menos acerca de la entrevista terap\u00e9utica. Consideran que ya es hora de compartir comprensiones, experiencias y recursos que contribuyan a aumentar y consolidar los ya de por s\u00ed buenos resultados de las esencias florales.<\/p>\n<p>Los autores, vali\u00e9ndose de un lenguaje claro, accesible y cercano, ponen por escrito experiencias terap\u00e9uticas, estrategias, t\u00e9cnicas de entrevista, protocolos de trabajo, orientaciones sobre el tratamiento de asuntos delicados, trucos y recursos que han ido adquiriendo a lo largo de sus carreras profesionales.<br \/>\nEn estas p\u00e1ginas queda tambi\u00e9n esbozada la posible figura del Terapeuta Floral del futuro: ni un sanador ni un t\u00e9cnico fr\u00edo y distante, sino un acompa\u00f1ante emp\u00e1tico en un tramo del camino, en con que el Dr. Bach defin\u00eda la vida. Responden adem\u00e1s los autores a una serie de dudas e inquietudes que les han venido planteando alumnos y clientes a lo largo de su experiencia.<br \/>\nEste libro est\u00e1 dirigido a todos aquellos, terapeutas, usuarios, estudiantes florales o autodidactas, que se interesan por las Flores de Bach. Estamos, sin duda, ante un manual llamado a convertirse en un verdadero texto de referencia.<\/p>\n<p><strong>Autores<\/strong>: Ricardo Orozco y Carmen Hern\u00e1ndez Rosety.<\/p>\n<p><strong>N\u00ba p\u00e1ginas<\/strong>: 280 pag.<br \/>\n<strong>Lengua<\/strong>: Castellano<br \/>\n<strong>Formato<\/strong>: Tapa blanda 23x15cm<br \/>\n<strong>ISBN<\/strong>: 978-84-941873-0-8<br \/>\n<strong>Editor<\/strong>: El grano de mostaza S.L. \/ Barcelona. 2013<br \/>\n<strong>Otros detalles<\/strong>: 4 estrellas.[\/vc_column_text][vc_empty_space][\/vc_column_inner][\/vc_row_inner][\/vc_tta_section][vc_tta_section title=&#8221;38 Descripciones din\u00e1micas&#8221; tab_id=&#8221;1614097439438-72a6ed8a-2d01&#8243;][vc_row_inner css=&#8221;.vc_custom_1614096733391{background-color: #ffffff !important;}&#8221;][vc_column_inner width=&#8221;1\/4&#8243;][vc_empty_space height=&#8221;80px&#8221;][vc_single_image image=&#8221;2879&#8243; img_size=&#8221;full&#8221; alignment=&#8221;center&#8221;][\/vc_column_inner][vc_column_inner width=&#8221;3\/4&#8243; css=&#8221;.vc_custom_1614096799031{background-image: url(https:\/\/www.experienceswellness.com\/wp-content\/uploads\/2020\/12\/marca-agua-arbol-2.jpg?id=1087) !important;background-position: center !important;background-repeat: no-repeat !important;background-size: contain !important;}&#8221;][vc_column_text]\n<h3><strong>38 Descripciones din\u00e1micas &#8211; Flores de Bach<\/strong><\/h3>\n<p>Las Flores de Bach existen desde hace casi 80 a\u00f1os. Sin embargo, es durante las \u00faltimas d\u00e9cadas donde su uso ha alcanzado una gran difusi\u00f3n En la actualidad es una de las terapias naturales m\u00e1s difundidas, debido a sus beneficiosos efectos sobre la salud f\u00edsica, mental, emocional y espiritual de quienes la emplean. Aunque frecuentemente se considere que &#8220;las Flores de Bach&#8221; son simples, el mundo de las emociones y de la mente no lo es en igual medida. En la forma de procesar la informaci\u00f3n, as\u00ed como en nuestros pensamientos, sentimientos y conducta, influyen una serie de creencias, emociones y patrones que dependen de nuestra constituci\u00f3n, aprendizaje, vivencias y entorno. Este trabajo no es un libro m\u00e1s sobre Flores de Bach. Es un verdadero manual de consulta, donde por primera vez se ofrecen unas descripciones din\u00e1micas de una amplitud y profundidad sorprendentes y esclarecedoras. No se trata aqu\u00ed de volver a repetir el viejo t\u00f3pico de que &#8220;los Oak, son personas demasiado trabajadoras, responsables y tenaces&#8221;, sino de investigar y describir por qu\u00e9 unos determinados individuos presentan estos rasgos de personalidad. \u00bfQu\u00e9 educaci\u00f3n tuvieron? \u00bfC\u00f3mo piensan? \u00bfQu\u00e9 sienten? \u00bfC\u00f3mo reaccionan ante las circunstancias que la vida les presenta? \u00bfPor qu\u00e9 reprimen sus sentimientos?, \u00bfQu\u00e9 los ha hecho convertirse en obsesivos? \u00bfDe qu\u00e9 huyen? \u00bfQu\u00e9 esperan de la vida? El presente manual est\u00e1 llamado a convertirse en un verdadero libro de referencia y consulta sobre la terapia floral de Bach, ya que va dirigido tanto a terapeutas que se inician profesionalmente, como a todos aquellos que ya lo son y desean ampliar sus conocimientos. Tambi\u00e9n est\u00e1 concebido para aquellos autodidactas que buscan experimentar con las esencias para mejorar cualquier aspecto de sus vidas y se preocupan por su crecimiento personal. Pero tal vez lo m\u00e1s importante es que ofrece un enfoque serio y apasionante, rigurosamente documentado que sin duda atrapar\u00e1 al lector desde el primer momento.<br \/>\nEn esta segunda edici\u00f3n de 2012, se ha modificado la catalogaci\u00f3n de las flores, describi\u00e9ndolas mediante tipolog\u00edas, rasgos de personalidad y estados; sin duda unas subdivisiones que mejoran la comprensi\u00f3n de cada una. Por otra parte, se han corregido y actualizado algunos cap\u00edtulos.<\/p>\n<p><strong>Autor<\/strong>: Dr. Ricardo Orozco<br \/>\n<strong>N\u00ba p\u00e1ginas<\/strong>: 383 p\u00e1g.<br \/>\n<strong>Lengua<\/strong>: Castellano<br \/>\n<strong>Formato<\/strong>: Tapa blanda 15x23cm<br \/>\n<strong>ISBN<\/strong>: 9788493727468<br \/>\n<strong>Editor<\/strong>: El grano de mostaza S.L. \/ Barcelona. 2012<br \/>\n<strong>Otros detalles<\/strong>: 4 estrellas.[\/vc_column_text][vc_empty_space][\/vc_column_inner][\/vc_row_inner][\/vc_tta_section][vc_tta_section title=&#8221;Diagn\u00f3stico Diferencial de las Flores de Bach&#8221; tab_id=&#8221;1614097589973-9082d38a-aebf&#8221;][vc_row_inner css=&#8221;.vc_custom_1614096733391{background-color: #ffffff !important;}&#8221;][vc_column_inner width=&#8221;1\/4&#8243;][vc_empty_space height=&#8221;80px&#8221;][vc_single_image image=&#8221;2875&#8243; img_size=&#8221;full&#8221; alignment=&#8221;center&#8221;][\/vc_column_inner][vc_column_inner width=&#8221;3\/4&#8243; css=&#8221;.vc_custom_1614096799031{background-image: url(https:\/\/www.experienceswellness.com\/wp-content\/uploads\/2020\/12\/marca-agua-arbol-2.jpg?id=1087) !important;background-position: center !important;background-repeat: no-repeat !important;background-size: contain !important;}&#8221;][vc_column_text]\n<h3><strong>Diagn\u00f3stico Diferencial de las Flores de Bach<\/strong><\/h3>\n<p>La terapia floral de Bach ha conseguido una extraordinaria difusi\u00f3n en las \u00faltimas d\u00e9cadas. Su consolidaci\u00f3n como una de las principales terapias naturales ha sido asistida por una amplia y, nunca mejor dicho, floreciente bibliograf\u00eda. Sin embargo, esta profusi\u00f3n de obras no siempre ha ido acompa\u00f1ada de la profundidad y seriedad que el tema requiere. El Dr. Ricardo Orozco lleva m\u00e1s de 20 a\u00f1os dedicado al estudio y la ense\u00f1anza de la terapia floral. Si bien su anterior libro, Flores de Bach: 38 Descripciones Din\u00e1micas sorprendi\u00f3 por su profundidad, convirti\u00e9ndose en un best seller dentro del mundo de la terapia, el Nuevo Manual del Diagn\u00f3stico Diferencial de las Flores de Bach est\u00e1 destinado a tener un \u00e9xito similar o incluso superior. No existe, a d\u00eda de hoy, ning\u00fan otro texto actualizado que aborde en exclusiva el espinoso tema de la diferenciaci\u00f3n entre las distintas esencias del sistema floral. Pese a la dificultad que entra\u00f1a la comprensi\u00f3n profunda de las Flores y la complejidad que escribir un libro de estas caracter\u00edsticas supone, el autor ha sabido plasmar, de un modo inusualmente claro y sencillo, todo aquello que cualquier terapeuta floral, estudiante, autodidacta o usuario necesita saber sobre las diferencias entre las esencias florales de Bach. Un manual que esta llamado a convertirse en una obra de referencia, y marcar\u00e1, sin lugar a dudas, un antes y un despu\u00e9s en la comprensi\u00f3n del maravilloso mundo de las Flores de Bach.<\/p>\n<p><strong>Autores<\/strong>: Dr. Ricardo Orozco<br \/>\n<strong>N\u00ba p\u00e1ginas<\/strong>: 176pag.<br \/>\n<strong>Lengua<\/strong>: Castellano<br \/>\n<strong>Formato<\/strong>: Tapa blanda 18x25cm<br \/>\n<strong>ISBN<\/strong>: 9788493809164<br \/>\n<strong>Editor<\/strong>: El grano de mostaza \/ Barcelona. 2011<br \/>\n<strong>Otros detalles<\/strong>: 4 estrellas.[\/vc_column_text][vc_empty_space][\/vc_column_inner][\/vc_row_inner][\/vc_tta_section][\/vc_tta_tabs][\/vc_column][\/vc_row][vc_row][vc_column][vc_empty_space][\/vc_column][\/vc_row][vc_row][vc_column][vc_empty_space][\/vc_column][\/vc_row][vc_row disable_element=&#8221;yes&#8221;][vc_column width=&#8221;1\/5&#8243;][vc_btn title=&#8221;MAR\u00cdA OJEDA&#8221; color=&#8221;success&#8221; align=&#8221;center&#8221; button_block=&#8221;true&#8221; el_class=&#8221;colorviajes&#8221; link=&#8221;url:https%3A%2F%2Fwww.experienceswellness.com%2Findex.php%2Fmaria-ojeda%2F|title:Mar%C3%ADa%20Ojeda&#8221;][\/vc_column][vc_column width=&#8221;1\/5&#8243;][vc_btn title=&#8221;VIAJES&#8221; color=&#8221;info&#8221; align=&#8221;center&#8221; button_block=&#8221;true&#8221; el_class=&#8221;colorbienestar&#8221; link=&#8221;url:https%3A%2F%2Fwww.experienceswellness.com%2Findex.php%2Fviajes%2F|title:Viajes&#8221;][\/vc_column][vc_column width=&#8221;1\/5&#8243;][vc_btn title=&#8221;REGALOS&#8221; align=&#8221;center&#8221; button_block=&#8221;true&#8221; el_class=&#8221;colorregalos&#8221; link=&#8221;url:https%3A%2F%2Fwww.experienceswellness.com%2Findex.php%2Fregalos%2F|title:Regalos&#8221;][\/vc_column][vc_column width=&#8221;1\/5&#8243;][vc_btn title=&#8221;PROFESIONALES&#8221; color=&#8221;blue&#8221; align=&#8221;center&#8221; button_block=&#8221;true&#8221; el_class=&#8221;colorprofesional&#8221; link=&#8221;url:https%3A%2F%2Fwww.experienceswellness.com%2Findex.php%2Fregister%2F&#8221;][\/vc_column][vc_column width=&#8221;1\/5&#8243;][vc_btn title=&#8221;BLOG&#8221; color=&#8221;warning&#8221; align=&#8221;center&#8221; button_block=&#8221;true&#8221; el_class=&#8221;colorblog&#8221; link=&#8221;url:https%3A%2F%2Fwww.experienceswellness.com%2Findex.php%2Fblog-2%2F|title:Blog&#8221;][\/vc_column][\/vc_row]\n","protected":false},"excerpt":{"rendered":"<p>[vc_row css=&#8221;.vc_custom_1610108519226{background-position: center !important;background-repeat: no-repeat !important;background-size: cover !important;}&#8221;][vc_column][vc_row_inner][vc_column_inner][vc_empty_space][\/vc_column_inner][\/vc_row_inner][vc_column_text css_animation=&#8221;none&#8221; css=&#8221;.vc_custom_1616858164443{background-image: url(https:\/\/www.experienceswellness.com\/wp-content\/uploads\/2020\/12\/marca-agua-arbol-2.jpg?id=1087) !important;background-position: center !important;background-repeat: no-repeat&hellip;<\/p>\n","protected":false},"author":1,"featured_media":0,"parent":2695,"menu_order":0,"comment_status":"closed","ping_status":"closed","template":"","meta":[],"_links":{"self":[{"href":"https:\/\/www.experienceswellness.com\/index.php\/wp-json\/wp\/v2\/pages\/2871"}],"collection":[{"href":"https:\/\/www.experienceswellness.com\/index.php\/wp-json\/wp\/v2\/pages"}],"about":[{"href":"https:\/\/www.experienceswellness.com\/index.php\/wp-json\/wp\/v2\/types\/page"}],"author":[{"embeddable":true,"href":"https:\/\/www.experienceswellness.com\/index.php\/wp-json\/wp\/v2\/users\/1"}],"replies":[{"embeddable":true,"href":"https:\/\/www.experienceswellness.com\/index.php\/wp-json\/wp\/v2\/comments?post=2871"}],"version-history":[{"count":27,"href":"https:\/\/www.experienceswellness.com\/index.php\/wp-json\/wp\/v2\/pages\/2871\/revisions"}],"predecessor-version":[{"id":3818,"href":"https:\/\/www.experienceswellness.com\/index.php\/wp-json\/wp\/v2\/pages\/2871\/revisions\/3818"}],"up":[{"embeddable":true,"href":"https:\/\/www.experienceswellness.com\/index.php\/wp-json\/wp\/v2\/pages\/2695"}],"wp:attachment":[{"href":"https:\/\/www.experienceswellness.com\/index.php\/wp-json\/wp\/v2\/media?parent=2871"}],"curies":[{"name":"wp","href":"https:\/\/api.w.org\/{rel}","templated":true}]}}