{"id":2846,"date":"2021-02-23T09:28:29","date_gmt":"2021-02-23T08:28:29","guid":{"rendered":"https:\/\/www.experienceswellness.com\/?page_id=2846"},"modified":"2021-05-12T07:24:46","modified_gmt":"2021-05-12T05:24:46","slug":"lo-autentico-de-espana","status":"publish","type":"page","link":"https:\/\/www.experienceswellness.com\/index.php\/viajes\/lo-autentico-de-espana\/","title":{"rendered":"Lo aut\u00e9ntico de Espa\u00f1a"},"content":{"rendered":"[vc_row][vc_column][vc_column_text css_animation=&#8221;none&#8221;]\n<p style=\"text-align: center;\">\u00a1Hola! Estoy entusiasmada de introducirte en un pa\u00eds donde disfrutaras <strong>las mejores experiencias de la vida<\/strong>.<br \/>\nBienvenido a un maravilloso pa\u00eds lleno de gente <strong>acogedora y hospitalaria que se toma la vida con alegr\u00eda<\/strong>.<\/p>\n<p style=\"text-align: center;\">Son muchas las razones por las que <strong>Espa\u00f1a crea adicci\u00f3n<\/strong> a quien la visita, sintiendo que quieres volver una y otra vez\u2026<\/p>\n<p style=\"text-align: center;\">Quiero que conozcas algunos de los secretos de porque <strong>Espa\u00f1a<\/strong> es uno de los pa\u00edses m\u00e1s <em>fascinantes y seductores del mundo<\/em>.<br \/>\nTenemos un <strong>clima envidiable que te alegra la vida<\/strong>.<\/p>\n<p style=\"text-align: center;\">Nuestra<strong> diversidad paisaj\u00edstica<\/strong> es de una enorme belleza con contrastes alucinantes, <em>r\u00edos, lagos, valles, praderas verdes<\/em> que se pierden en el infinito, poderosas <em>monta\u00f1as, playas paradisiacas, bosques<\/em>\u2026.<\/p>\n[\/vc_column_text][vc_empty_space][\/vc_column][\/vc_row][vc_row][vc_column][vc_single_image image=&#8221;3011&#8243; img_size=&#8221;full&#8221; alignment=&#8221;center&#8221; style=&#8221;vc_box_shadow_3d&#8221; onclick=&#8221;link_image&#8221;][vc_empty_space][\/vc_column][\/vc_row][vc_row full_width=&#8221;stretch_row&#8221; equal_height=&#8221;yes&#8221;][vc_column width=&#8221;1\/2&#8243;][vc_single_image image=&#8221;2998&#8243; img_size=&#8221;full&#8221; alignment=&#8221;center&#8221; style=&#8221;vc_box_shadow_3d&#8221; onclick=&#8221;link_image&#8221;][vc_empty_space][vc_single_image image=&#8221;3013&#8243; img_size=&#8221;full&#8221; alignment=&#8221;center&#8221; style=&#8221;vc_box_shadow_3d&#8221; onclick=&#8221;link_image&#8221;][\/vc_column][vc_column width=&#8221;1\/2&#8243;][vc_empty_space height=&#8221;80px&#8221;][vc_single_image image=&#8221;3010&#8243; img_size=&#8221;full&#8221; alignment=&#8221;center&#8221; style=&#8221;vc_box_shadow_3d&#8221; onclick=&#8221;link_image&#8221;][\/vc_column][\/vc_row][vc_row][vc_column][vc_empty_space][\/vc_column][\/vc_row][vc_row full_width=&#8221;stretch_row&#8221; equal_height=&#8221;yes&#8221;][vc_column width=&#8221;1\/2&#8243;][vc_single_image image=&#8221;2996&#8243; img_size=&#8221;full&#8221; alignment=&#8221;center&#8221; style=&#8221;vc_box_shadow_3d&#8221; onclick=&#8221;link_image&#8221;][\/vc_column][vc_column width=&#8221;1\/2&#8243;][vc_single_image image=&#8221;2995&#8243; img_size=&#8221;full&#8221; alignment=&#8221;center&#8221; style=&#8221;vc_box_shadow_3d&#8221; onclick=&#8221;link_image&#8221;][\/vc_column][\/vc_row][vc_row css=&#8221;.vc_custom_1610108519226{background-position: center !important;background-repeat: no-repeat !important;background-size: cover !important;}&#8221;][vc_column][vc_row_inner][vc_column_inner][vc_empty_space][vc_column_text css_animation=&#8221;none&#8221;]\n<p style=\"text-align: center;\">Encontrar\u00e1s una <strong>rica y variada diversidad Cultural<\/strong>. Vas a disfrutar y mucho conociendo las costumbres y car\u00e1cter de cada una de nuestras regiones, te lo puedo asegurar.<\/p>\n[\/vc_column_text][vc_empty_space][vc_masonry_media_grid grid_id=&#8221;vc_gid:1620797041946-03bff596-7ab7-8&#8243; include=&#8221;3012,3008,3009,3003,3007,2997,3006,3002,3004&#8243;][\/vc_column_inner][\/vc_row_inner][vc_row_inner][vc_column_inner][vc_empty_space][vc_column_text css_animation=&#8221;none&#8221;]\n<p style=\"text-align: center;\">\u00bfQuieres comer una buena<strong> paella<\/strong>, un sabroso <strong>gazpacho<\/strong>, <strong>tortilla de patatas<\/strong>, <strong>fabada<\/strong>, un exquisito<strong> jam\u00f3n ib\u00e9rico<\/strong>, saborear un buen <strong>pa amb tomaquet<\/strong>, etc.?<\/p>\n<p style=\"text-align: center;\"><strong>\u00bfY tomar una buena copa de vino?<\/strong><\/p>\n<p style=\"text-align: center;\">Estas en uno de los <strong>mayores productores de vinos de calidad del mundo<\/strong>.<\/p>\n[\/vc_column_text][vc_empty_space][\/vc_column_inner][\/vc_row_inner][\/vc_column][\/vc_row][vc_row full_width=&#8221;stretch_row&#8221; equal_height=&#8221;yes&#8221;][vc_column width=&#8221;1\/3&#8243;][vc_single_image image=&#8221;3005&#8243; img_size=&#8221;full&#8221; alignment=&#8221;center&#8221; style=&#8221;vc_box_shadow_3d&#8221; onclick=&#8221;link_image&#8221;][\/vc_column][vc_column width=&#8221;1\/3&#8243;][vc_single_image image=&#8221;3015&#8243; img_size=&#8221;full&#8221; alignment=&#8221;center&#8221; style=&#8221;vc_box_shadow_3d&#8221; onclick=&#8221;link_image&#8221;][\/vc_column][vc_column width=&#8221;1\/3&#8243;][vc_single_image image=&#8221;2999&#8243; img_size=&#8221;full&#8221; alignment=&#8221;center&#8221; style=&#8221;vc_box_shadow_3d&#8221; onclick=&#8221;link_image&#8221;][\/vc_column][\/vc_row][vc_row][vc_column][vc_empty_space][vc_column_text css_animation=&#8221;none&#8221;]\n<p style=\"text-align: center;\">\u00a1Te propongo una experiencia sensorial! <em>disfrutar de un itinerario vin\u00edcola descubriendo en esencia la cultura de <strong>vino en Espa\u00f1a<\/strong><\/em>, \u00a1una vivencia inolvidable!<\/p>\n<p style=\"text-align: center;\">Est\u00e1 asegurado lo que vas a disfrutar con nuestra sana, variada y sabrosa gastronom\u00eda y nuestros excelentes vinos, todo un placer para los sentidos.<\/p>\n<p style=\"text-align: center;\">Tienes que saber que la amabilidad y profesionalidad con la que te van a atender en tus experiencias no tiene comparaci\u00f3n alguna.<\/p>\n<p style=\"text-align: center;\">\u00bfSab\u00edas que en <strong>Espa\u00f1a<\/strong> vas a encontrar las <strong>mejores playas de Europa<\/strong> y son muchas las que puedes disfrutar durante todo el a\u00f1o?<\/p>\n<p style=\"text-align: center;\">Es irresistible gozar de extensas <strong>playas de arena blanca o dorada<\/strong> peque\u00f1as<strong> calas escondidas,<\/strong> playas rodeadas de bosques y verdes praderas que llegan al mar.<\/p>\n<p style=\"text-align: center;\"><strong>Las banderas azules ondean al cielo en toda la costa espa\u00f1ola<\/strong>.<\/p>\n[\/vc_column_text][vc_empty_space][vc_row_inner][vc_column_inner][vc_single_image image=&#8221;3021&#8243; img_size=&#8221;full&#8221; alignment=&#8221;center&#8221; style=&#8221;vc_box_shadow_3d&#8221; onclick=&#8221;link_image&#8221;][\/vc_column_inner][\/vc_row_inner][vc_empty_space][vc_column_text css_animation=&#8221;none&#8221;]\n<p style=\"text-align: center;\">Te vas a enamorar de la<strong> Costa Brava<\/strong>, la <strong>Costa Blanca<\/strong>, las playas del <strong>Cabo de Gata<\/strong>, la salvaje <strong>Costa Norte<\/strong> o la <strong>Costa del Sol<\/strong> y que decir de nuestras<strong> Islas Baleares<\/strong> y <strong>Canarias<\/strong> que son belleza y exotismo en estado puro.<\/p>\n<p style=\"text-align: center;\"><strong>Te garantizo que la experiencia superar\u00e1 todas tus expectativas.<\/strong><\/p>\n<p style=\"text-align: center;\">\u00bfTe gusta bucear? La abundancia y <strong>variedad de vida marina<\/strong> te sobrecoger\u00e1.<br \/>\n\u00bfTe vienes a practicar surf? Nuestro pa\u00eds alberga de las mejores \u00e1reas de <strong>Europa<\/strong> para practicar <strong>surf<\/strong>, destacando nuestras impactantes <strong>Islas Canarias<\/strong>. El disfrute y ambiente lo tienes asegurado.<br \/>\nVas a descubrir que cada rinc\u00f3n de <strong>Espa\u00f1a<\/strong> respira historia y las obras de arte se cuentan por centenares de miles.<\/p>\n[\/vc_column_text][vc_empty_space][vc_row_inner][vc_column_inner width=&#8221;1\/3&#8243;][vc_single_image image=&#8221;3022&#8243; img_size=&#8221;full&#8221; alignment=&#8221;center&#8221; style=&#8221;vc_box_shadow_3d&#8221; onclick=&#8221;link_image&#8221;][\/vc_column_inner][vc_column_inner width=&#8221;1\/3&#8243;][vc_single_image image=&#8221;3023&#8243; img_size=&#8221;full&#8221; alignment=&#8221;center&#8221; style=&#8221;vc_box_shadow_3d&#8221; onclick=&#8221;link_image&#8221;][\/vc_column_inner][vc_column_inner width=&#8221;1\/3&#8243;][vc_single_image image=&#8221;3024&#8243; img_size=&#8221;full&#8221; alignment=&#8221;center&#8221; style=&#8221;vc_box_shadow_3d&#8221; onclick=&#8221;link_image&#8221;][\/vc_column_inner][\/vc_row_inner][vc_empty_space][vc_column_text css_animation=&#8221;none&#8221;]\n<p style=\"text-align: center;\"><strong>Catedrales<\/strong> como la de <strong>Burgos<\/strong>, <strong>Le\u00f3n<\/strong> o <strong>Santiago de Compostela,<\/strong>\u00a0castillos medievales como el de <strong>X\u00e0tiva,<\/strong>\u00a0ruinas romanas como las de <strong>M\u00e9rida,<\/strong>\u00a0museos como el<strong> Prado de Madrid<\/strong> o el <strong>Guggenheim de Bilbao<\/strong>, la majestuosa<strong> Alhambra de Granada<\/strong> o la ciudad de <strong>Toledo<\/strong>, la m\u00e1gica y espectacular<strong> Mezquita de C\u00f3rdoba<\/strong>, la imponente <strong>Sagrada Familia en Barcelona<\/strong>, etc., vivir\u00e1s un sinf\u00edn de experiencias excitantes a trav\u00e9s de las que viajaras en el tiempo.<\/p>\n<p style=\"text-align: center;\">\u00bfSabes que Espa\u00f1a es reconocida como<strong> el pa\u00eds del mundo con m\u00e1s lugares certificados Starlight por la excelente calidad<\/strong> del cielo nocturno?<\/p>\n<p style=\"text-align: center;\">Es alucinante la experiencia de ba\u00f1o de estrellas \u00bfTe gustar\u00eda experimentar y sentir esta emocionante vivencia verdad?<\/p>\n[\/vc_column_text][vc_empty_space][\/vc_column][\/vc_row][vc_row][vc_column][vc_single_image image=&#8221;3025&#8243; img_size=&#8221;full&#8221; alignment=&#8221;center&#8221; style=&#8221;vc_box_shadow_3d&#8221; onclick=&#8221;link_image&#8221;][vc_empty_space][\/vc_column][\/vc_row][vc_row][vc_column][vc_column_text css_animation=&#8221;none&#8221;]\n<p style=\"text-align: center;\"><strong>\u00a1Nos vamos de fiesta!<\/strong> Estas en uno de los mejores pa\u00edses del mundo para disfrutar de la vida nocturna,<strong> Ibiza<\/strong>, <strong>Barcelona<\/strong>, <strong>Madrid<\/strong>\u2026 Encontrar\u00e1s fiesta en cualquier punto de <strong>Espa\u00f1a<\/strong>.<br \/>\n\u00bfSabes que puedes conocer la esencia de la fiesta espa\u00f1ola haciendo una ruta por las <strong>fiestas veraniegas de los pueblos<\/strong> y que son muchos los amigos espa\u00f1oles que vas a hacer durante la experiencia?<br \/>\n\u00bfQu\u00e9 te parece la idea de vivir nuestros festivales reconocidos a nivel mundial? Los <strong>Sanfermines<\/strong>, la <strong>Tomatina<\/strong>, la <strong>feria de Abril de Sevilla<\/strong>, las <strong>Fallas<\/strong>, etc.<br \/>\n<strong>Espa\u00f1a<\/strong> tiene multitud de atractivos qu\u00e9 debes visitar al menos una vez en la<em> vida y experiencias exclusivas<\/em> que tienes que vivir\u2026. y yo te las contar\u00e9 todas.<\/p>\n[\/vc_column_text][vc_empty_space][vc_btn title=&#8221;quiero viajar&#8221; color=&#8221;info&#8221; align=&#8221;center&#8221; el_class=&#8221;colorviajes&#8221; link=&#8221;url:https%3A%2F%2Fwww.experienceswellness.com%2Findex.php%2Fformulario-de-viaje%2F|title:Formulario%20de%20Viaje&#8221;][vc_empty_space][\/vc_column][\/vc_row][vc_row disable_element=&#8221;yes&#8221;][vc_column width=&#8221;1\/5&#8243;][vc_btn title=&#8221;VIAJES&#8221; color=&#8221;info&#8221; align=&#8221;center&#8221; button_block=&#8221;true&#8221; el_class=&#8221;colorviajes&#8221; link=&#8221;url:https%3A%2F%2Fwww.experienceswellness.com%2Findex.php%2Fviajes%2F|title:Viajes&#8221;][\/vc_column][vc_column width=&#8221;1\/5&#8243;][vc_btn title=&#8221;BIENESTAR&#8221; color=&#8221;danger&#8221; align=&#8221;center&#8221; button_block=&#8221;true&#8221; el_class=&#8221;colorbienestar&#8221; link=&#8221;url:https%3A%2F%2Fwww.experienceswellness.com%2Findex.php%2Fbienestar%2F|title:Bienestar&#8221;][\/vc_column][vc_column width=&#8221;1\/5&#8243;][vc_btn title=&#8221;REGALOS&#8221; align=&#8221;center&#8221; button_block=&#8221;true&#8221; el_class=&#8221;colorregalos&#8221; link=&#8221;url:https%3A%2F%2Fwww.experienceswellness.com%2Findex.php%2Fregalos%2F|title:Regalos&#8221;][\/vc_column][vc_column width=&#8221;1\/5&#8243;][vc_btn title=&#8221;PROFESIONALES&#8221; color=&#8221;blue&#8221; align=&#8221;center&#8221; button_block=&#8221;true&#8221; el_class=&#8221;colorprofesional&#8221; link=&#8221;url:https%3A%2F%2Fwww.experienceswellness.com%2Findex.php%2Fregister%2F&#8221;][\/vc_column][vc_column width=&#8221;1\/5&#8243;][vc_btn title=&#8221;BLOG&#8221; color=&#8221;warning&#8221; align=&#8221;center&#8221; button_block=&#8221;true&#8221; el_class=&#8221;colorblog&#8221; link=&#8221;url:https%3A%2F%2Fwww.experienceswellness.com%2Findex.php%2Fblog-2%2F|title:Blog&#8221;][\/vc_column][\/vc_row]\n","protected":false},"excerpt":{"rendered":"<p>[vc_row][vc_column][vc_column_text css_animation=&#8221;none&#8221;] \u00a1Hola! Estoy entusiasmada de introducirte en un pa\u00eds donde disfrutaras las mejores experiencias&hellip;<\/p>\n","protected":false},"author":1,"featured_media":0,"parent":2680,"menu_order":0,"comment_status":"closed","ping_status":"closed","template":"","meta":[],"_links":{"self":[{"href":"https:\/\/www.experienceswellness.com\/index.php\/wp-json\/wp\/v2\/pages\/2846"}],"collection":[{"href":"https:\/\/www.experienceswellness.com\/index.php\/wp-json\/wp\/v2\/pages"}],"about":[{"href":"https:\/\/www.experienceswellness.com\/index.php\/wp-json\/wp\/v2\/types\/page"}],"author":[{"embeddable":true,"href":"https:\/\/www.experienceswellness.com\/index.php\/wp-json\/wp\/v2\/users\/1"}],"replies":[{"embeddable":true,"href":"https:\/\/www.experienceswellness.com\/index.php\/wp-json\/wp\/v2\/comments?post=2846"}],"version-history":[{"count":18,"href":"https:\/\/www.experienceswellness.com\/index.php\/wp-json\/wp\/v2\/pages\/2846\/revisions"}],"predecessor-version":[{"id":3593,"href":"https:\/\/www.experienceswellness.com\/index.php\/wp-json\/wp\/v2\/pages\/2846\/revisions\/3593"}],"up":[{"embeddable":true,"href":"https:\/\/www.experienceswellness.com\/index.php\/wp-json\/wp\/v2\/pages\/2680"}],"wp:attachment":[{"href":"https:\/\/www.experienceswellness.com\/index.php\/wp-json\/wp\/v2\/media?parent=2846"}],"curies":[{"name":"wp","href":"https:\/\/api.w.org\/{rel}","templated":true}]}}