{"id":2815,"date":"2021-02-20T20:19:10","date_gmt":"2021-02-20T19:19:10","guid":{"rendered":"https:\/\/www.experienceswellness.com\/?page_id=2815"},"modified":"2021-05-12T07:22:27","modified_gmt":"2021-05-12T05:22:27","slug":"ecuador-islas-galapagos","status":"publish","type":"page","link":"https:\/\/www.experienceswellness.com\/index.php\/viajes\/ecuador-islas-galapagos\/","title":{"rendered":"Ecuador &#8211; Islas Gal\u00e1pagos"},"content":{"rendered":"[vc_row css=&#8221;.vc_custom_1610108519226{background-position: center !important;background-repeat: no-repeat !important;background-size: cover !important;}&#8221;][vc_column][vc_row_inner][vc_column_inner][vc_empty_space][vc_column_text css_animation=&#8221;none&#8221;]\n<p style=\"text-align: center;\">Quiero presentarte un destino, un lugar del planeta que definir\u00eda como:<\/p>\n<p style=\"text-align: center;\"><strong>Sorprendente\u00a0 \u00a0\u00a1 Impresionante \u00a1<\/strong><\/p>\n<p style=\"text-align: center;\">Pa\u00eds<em> ubicado en Am\u00e9rica del Sur<\/em>. En su peque\u00f1o territorio ba\u00f1ado por el <strong>Oc\u00e9ano Pac\u00edfico<\/strong> cruza la <em>l\u00ednea ecuatorial<\/em> y est\u00e1 adem\u00e1s atravesado de norte a sur por la<strong> Cordillera de los Andes<\/strong>, esto lo convierte en uno de los 17 pa\u00edses mega diversos del mundo.<\/p>\n<p style=\"text-align: center;\">Su <strong>maravillosa geograf\u00eda<\/strong>, riqueza <strong>cultural milenaria<\/strong> y <strong>tradiciones ancestrales<\/strong> lo convierten en uno de los lugares que no puedes dejar de visitar al menos una vez en la vida.<\/p>\n<p style=\"text-align: center;\">Bienvenido a <strong>Ecuador<\/strong>, el pa\u00eds de los \u201c<strong>cuatro mundos<\/strong>\u201d.<\/p>\n[\/vc_column_text][vc_empty_space][\/vc_column_inner][\/vc_row_inner][\/vc_column][\/vc_row][vc_row][vc_column][vc_single_image image=&#8221;3032&#8243; img_size=&#8221;full&#8221; alignment=&#8221;center&#8221; style=&#8221;vc_box_shadow_3d&#8221; onclick=&#8221;link_image&#8221;][vc_empty_space][\/vc_column][\/vc_row][vc_row full_width=&#8221;stretch_row&#8221; equal_height=&#8221;yes&#8221;][vc_column width=&#8221;1\/3&#8243;][vc_single_image image=&#8221;2821&#8243; img_size=&#8221;full&#8221; alignment=&#8221;center&#8221; style=&#8221;vc_box_shadow_3d&#8221; onclick=&#8221;link_image&#8221;][\/vc_column][vc_column width=&#8221;1\/3&#8243;][vc_single_image image=&#8221;2824&#8243; img_size=&#8221;full&#8221; alignment=&#8221;center&#8221; style=&#8221;vc_box_shadow_3d&#8221; onclick=&#8221;link_image&#8221;][\/vc_column][vc_column width=&#8221;1\/3&#8243;][vc_single_image image=&#8221;2819&#8243; img_size=&#8221;full&#8221; alignment=&#8221;center&#8221; style=&#8221;vc_box_shadow_3d&#8221; onclick=&#8221;link_image&#8221;][\/vc_column][\/vc_row][vc_row][vc_column][vc_empty_space][vc_column_text css_animation=&#8221;none&#8221;]\n<p style=\"text-align: center;\">En la \u201c<strong>regi\u00f3n Sierra<\/strong>\u201d: La presencia de la <strong>Cordillera de los Andes<\/strong> da lugar a diferentes paisajes y zonas clim\u00e1ticas. Existen cerca de <strong>60 volcanes y picos nevados<\/strong> algunos de los cuales a\u00fan permanecen en actividad y brindan un espect\u00e1culo natural de gran inter\u00e9s.<\/p>\n<p style=\"text-align: center;\">En sus f\u00e9rtiles se cultivan infinidad de productos de manera org\u00e1nica: <em>cereales andinos, frutas, vegetales, etc<\/em>.<\/p>\n<p style=\"text-align: center;\"><strong>\u00bfSabes qu\u00e9?<\/strong> Esta regi\u00f3n alberga el 60% de las <strong>comunidades ind\u00edgenas kichwas<\/strong> las cuales han desarrollado un modelo de turismo comunitario que permite disfrutar de experiencias aut\u00e9nticas: alojamiento en familias anfitrionas, participaci\u00f3n en actividades agr\u00edcolas diarias en sus huertas org\u00e1nicas: siembra, cosecha, etc.<\/p>\n<p style=\"text-align: center;\">Elaboraci\u00f3n de <strong>bordados, tejidos y cester\u00eda<\/strong>, talleres de <strong>pan artesanal<\/strong>, cocina tradicional y degustaci\u00f3n de platos t\u00edpicos locales, participaci\u00f3n en emprendimientos locales: conservas, bisuter\u00eda, entre otros.<\/p>\n<p style=\"text-align: center;\">Es una verdadera experiencia explorar <strong>la Sierra<\/strong> con actividades emocionantes, <em>paseos a caballo, caminatas, senderismo y trekking alrededor de cr\u00e1teres, lagunas y hacia cascadas, ascensiones a cumbres nevadas, recorridos en bicicleta, observaci\u00f3n de aves<\/em>, y deportes de alto impacto como: <em>rafting y kayak en aguas blancas, bungee jumping, tirolesas, canoa etc.<\/em><\/p>\n<p style=\"text-align: center;\"><strong>El bosque Amaz\u00f3nico<\/strong> \u00bfTe imaginas adentrarte en la selva profunda, recorrer en canoa r\u00edo abajo llegando a los <strong>lodges y caba\u00f1as<\/strong> situadas en el coraz\u00f3n de la selva tropical?<\/p>\n<p style=\"text-align: center;\">\u00bfY qu\u00e9 te parece la propuesta de la observaci\u00f3n de flora y fauna en caminatas y recorridos en canoa diurnos y nocturnos visitando las comunidades ind\u00edgenas locales donde se puede aprender sobre sus tradiciones y costumbres?<\/p>\n<p style=\"text-align: center;\">\u00bfTe gustar\u00eda conocer <strong>la reserva de Cuyabeno<\/strong> h\u00e1bitat de los delfines rosados?<\/p>\n<p style=\"text-align: center;\"><strong>La Costa del Pac\u00edfico<\/strong>. Esta regi\u00f3n fue la cuna de varias civilizaciones precolombinas, ofrece kil\u00f3metros interminables de playas con aguas impresionantes y arrecifes de coral y mucho que m\u00e1s que te explicar\u00e9.<\/p>\n[\/vc_column_text][vc_empty_space][vc_row_inner][vc_column_inner width=&#8221;1\/3&#8243;][vc_single_image image=&#8221;2822&#8243; img_size=&#8221;full&#8221; alignment=&#8221;center&#8221; style=&#8221;vc_box_shadow_3d&#8221; onclick=&#8221;link_image&#8221;][\/vc_column_inner][vc_column_inner width=&#8221;1\/3&#8243;][vc_single_image image=&#8221;2820&#8243; img_size=&#8221;full&#8221; alignment=&#8221;center&#8221; style=&#8221;vc_box_shadow_3d&#8221; onclick=&#8221;link_image&#8221;][\/vc_column_inner][vc_column_inner width=&#8221;1\/3&#8243;][vc_images_carousel images=&#8221;2823,3036,3030&#8243; img_size=&#8221;full&#8221; speed=&#8221;3000&#8243; autoplay=&#8221;yes&#8221; hide_pagination_control=&#8221;yes&#8221; hide_prev_next_buttons=&#8221;yes&#8221; wrap=&#8221;yes&#8221;][\/vc_column_inner][\/vc_row_inner][vc_empty_space][vc_single_image image=&#8221;2817&#8243; img_size=&#8221;full&#8221; alignment=&#8221;center&#8221; style=&#8221;vc_box_shadow_3d&#8221; onclick=&#8221;link_image&#8221;][vc_empty_space][vc_row_inner][vc_column_inner][vc_empty_space][vc_column_text css_animation=&#8221;none&#8221;]\n<p style=\"text-align: center;\"><strong>ISLAS GAL\u00c1PAGOS<\/strong><\/p>\n<p style=\"text-align: center;\">Lugar \u00fanico en el mundo este Archipi\u00e9lago formado por <strong>7 islas mayores<\/strong>, <strong>14 menores<\/strong> y cerca de <strong>40 islotes<\/strong> ofrece una experiencia sin igual, cada isla es un para\u00edso con <strong>fauna y flora \u00fanica<\/strong> con paisajes espectaculares.<\/p>\n<p style=\"text-align: center;\"><strong>\u00bfQuieres emocionarte teniendo una experiencia natural que nunca olvidar\u00e1s?<\/strong><\/p>\n<p style=\"text-align: center;\">Vas a tener encuentros <em>cercanos con las especies, caminatas por senderos naturales, manglares y lava, observaci\u00f3n de aves como piqueros de patas azules y rojas, fragatas reales,<\/em><br \/>\n<em>flamencos rosas<\/em>.<\/p>\n<p style=\"text-align: center;\">Nadar con <strong>lobos marinos<\/strong> y <strong>ping\u00fcinos<\/strong>, disfrutar de las maravillosas <strong>playas con arena de varios colores<\/strong>, aprender sobre la teor\u00eda de la <strong>Evoluci\u00f3n de Darwin<\/strong>, observar las <strong>tortugas gigantes de Gal\u00e1pagos<\/strong> e <strong>iguanas marinas y terrestres<\/strong> en su entorno natural.<\/p>\n<p style=\"text-align: center;\">Todo esto y mucho m\u00e1s son las razones para viajar a <strong>Ecuador con sus Islas Gal\u00e1pagos<\/strong> y yo, te las contar\u00e9 todas.<\/p>\n<p style=\"text-align: center;\"><strong>MENUDA AVENTURA<\/strong><\/p>\n[\/vc_column_text][\/vc_column_inner][\/vc_row_inner][vc_empty_space][vc_btn title=&#8221;quiero viajar&#8221; color=&#8221;info&#8221; align=&#8221;center&#8221; el_class=&#8221;colorviajes&#8221; link=&#8221;url:https%3A%2F%2Fwww.experienceswellness.com%2Findex.php%2Fformulario-de-viaje%2F|title:Formulario%20de%20Viaje&#8221;][vc_empty_space][\/vc_column][\/vc_row][vc_row disable_element=&#8221;yes&#8221;][vc_column width=&#8221;1\/5&#8243;][vc_btn title=&#8221;VIAJES&#8221; color=&#8221;info&#8221; align=&#8221;center&#8221; button_block=&#8221;true&#8221; el_class=&#8221;colorviajes&#8221; link=&#8221;url:https%3A%2F%2Fwww.experienceswellness.com%2Findex.php%2Fviajes%2F|title:Viajes&#8221;][\/vc_column][vc_column width=&#8221;1\/5&#8243;][vc_btn title=&#8221;BIENESTAR&#8221; color=&#8221;danger&#8221; align=&#8221;center&#8221; button_block=&#8221;true&#8221; el_class=&#8221;colorbienestar&#8221; link=&#8221;url:https%3A%2F%2Fwww.experienceswellness.com%2Findex.php%2Fbienestar%2F|title:Bienestar&#8221;][\/vc_column][vc_column width=&#8221;1\/5&#8243;][vc_btn title=&#8221;REGALOS&#8221; align=&#8221;center&#8221; button_block=&#8221;true&#8221; el_class=&#8221;colorregalos&#8221; link=&#8221;url:https%3A%2F%2Fwww.experienceswellness.com%2Findex.php%2Fregalos%2F|title:Regalos&#8221;][\/vc_column][vc_column width=&#8221;1\/5&#8243;][vc_btn title=&#8221;PROFESIONALES&#8221; color=&#8221;blue&#8221; align=&#8221;center&#8221; button_block=&#8221;true&#8221; el_class=&#8221;colorprofesional&#8221; link=&#8221;url:https%3A%2F%2Fwww.experienceswellness.com%2Findex.php%2Fregister%2F&#8221;][\/vc_column][vc_column width=&#8221;1\/5&#8243;][vc_btn title=&#8221;BLOG&#8221; color=&#8221;warning&#8221; align=&#8221;center&#8221; button_block=&#8221;true&#8221; el_class=&#8221;colorblog&#8221; link=&#8221;url:https%3A%2F%2Fwww.experienceswellness.com%2Findex.php%2Fblog-2%2F|title:Blog&#8221;][\/vc_column][\/vc_row]\n","protected":false},"excerpt":{"rendered":"<p>[vc_row css=&#8221;.vc_custom_1610108519226{background-position: center !important;background-repeat: no-repeat !important;background-size: cover !important;}&#8221;][vc_column][vc_row_inner][vc_column_inner][vc_empty_space][vc_column_text css_animation=&#8221;none&#8221;] Quiero presentarte un destino, un lugar&hellip;<\/p>\n","protected":false},"author":1,"featured_media":0,"parent":2680,"menu_order":0,"comment_status":"closed","ping_status":"closed","template":"","meta":[],"_links":{"self":[{"href":"https:\/\/www.experienceswellness.com\/index.php\/wp-json\/wp\/v2\/pages\/2815"}],"collection":[{"href":"https:\/\/www.experienceswellness.com\/index.php\/wp-json\/wp\/v2\/pages"}],"about":[{"href":"https:\/\/www.experienceswellness.com\/index.php\/wp-json\/wp\/v2\/types\/page"}],"author":[{"embeddable":true,"href":"https:\/\/www.experienceswellness.com\/index.php\/wp-json\/wp\/v2\/users\/1"}],"replies":[{"embeddable":true,"href":"https:\/\/www.experienceswellness.com\/index.php\/wp-json\/wp\/v2\/comments?post=2815"}],"version-history":[{"count":11,"href":"https:\/\/www.experienceswellness.com\/index.php\/wp-json\/wp\/v2\/pages\/2815\/revisions"}],"predecessor-version":[{"id":3591,"href":"https:\/\/www.experienceswellness.com\/index.php\/wp-json\/wp\/v2\/pages\/2815\/revisions\/3591"}],"up":[{"embeddable":true,"href":"https:\/\/www.experienceswellness.com\/index.php\/wp-json\/wp\/v2\/pages\/2680"}],"wp:attachment":[{"href":"https:\/\/www.experienceswellness.com\/index.php\/wp-json\/wp\/v2\/media?parent=2815"}],"curies":[{"name":"wp","href":"https:\/\/api.w.org\/{rel}","templated":true}]}}