{"id":2790,"date":"2021-02-20T19:47:56","date_gmt":"2021-02-20T18:47:56","guid":{"rendered":"https:\/\/www.experienceswellness.com\/?page_id=2790"},"modified":"2021-05-13T18:59:59","modified_gmt":"2021-05-13T16:59:59","slug":"india","status":"publish","type":"page","link":"https:\/\/www.experienceswellness.com\/index.php\/viajes\/india\/","title":{"rendered":"India"},"content":{"rendered":"[vc_row css=&#8221;.vc_custom_1610108519226{background-position: center !important;background-repeat: no-repeat !important;background-size: cover !important;}&#8221;][vc_column][vc_row_inner][vc_column_inner][vc_empty_space][vc_column_text css_animation=&#8221;none&#8221;]\n<p style=\"text-align: center;\">Prep\u00e1rate para descubrir un pa\u00eds <strong>apasionante<\/strong>,<strong> ex\u00f3tico<\/strong>, <strong>sorprendente<\/strong> y conocer todas las razones por las cuales tienes que tener unas <strong>vivencias de viaje sensoriales<\/strong> que permanecer\u00e1n en tu <em>memoria y coraz\u00f3n<\/em> por siempre.<\/p>\n[\/vc_column_text][vc_empty_space][\/vc_column_inner][\/vc_row_inner][\/vc_column][\/vc_row][vc_row full_width=&#8221;stretch_row&#8221; equal_height=&#8221;yes&#8221;][vc_column width=&#8221;1\/2&#8243;][vc_single_image image=&#8221;2794&#8243; img_size=&#8221;full&#8221; alignment=&#8221;center&#8221; style=&#8221;vc_box_shadow_3d&#8221; onclick=&#8221;link_image&#8221;][\/vc_column][vc_column width=&#8221;1\/2&#8243;][vc_single_image image=&#8221;2793&#8243; img_size=&#8221;full&#8221; alignment=&#8221;center&#8221; style=&#8221;vc_box_shadow_3d&#8221; onclick=&#8221;link_image&#8221;][\/vc_column][\/vc_row][vc_row][vc_column][vc_empty_space][\/vc_column][\/vc_row][vc_row][vc_column width=&#8221;1\/2&#8243;][vc_single_image image=&#8221;2795&#8243; img_size=&#8221;full&#8221; alignment=&#8221;center&#8221; style=&#8221;vc_box_shadow_3d&#8221; onclick=&#8221;link_image&#8221;][\/vc_column][vc_column width=&#8221;1\/2&#8243;][vc_column_text css_animation=&#8221;none&#8221;]\n<p style=\"text-align: center;\">Mi amor por <strong>India<\/strong>, mi experiencia desde 2011 con una trayectoria de viajes constantes donde adquiero unos conocimientos profundos del <strong>pa\u00eds<\/strong>, la <strong>cultura<\/strong>, <strong>costumbres<\/strong> y <strong>secretos milenarios<\/strong> me lleva a compartir contigo las much\u00edsimas razones por las que visitar <strong>India<\/strong> y te las voy a contar todas.<\/p>\n<p style=\"text-align: center;\"><strong>\u201c India la \u00fanica Tierra que todos los hombres desean ver, aunque solo sea por una vez ,la emoci\u00f3n quedar\u00e1 grabada para el resto de la vida \u201d<\/strong><\/p>\n<p style=\"text-align: center;\">&#8211; <em>Mark Twain<\/em><\/p>\n[\/vc_column_text][vc_empty_space][vc_single_image image=&#8221;2796&#8243; img_size=&#8221;full&#8221; alignment=&#8221;center&#8221; style=&#8221;vc_box_shadow_3d&#8221; onclick=&#8221;link_image&#8221;][vc_empty_space][vc_btn title=&#8221;quiero viajar&#8221; color=&#8221;info&#8221; align=&#8221;center&#8221; el_class=&#8221;colorviajes&#8221; link=&#8221;url:https%3A%2F%2Fwww.experienceswellness.com%2Findex.php%2Fformulario-de-viaje%2F&#8221;][\/vc_column][\/vc_row][vc_row][vc_column width=&#8221;1\/2&#8243;][vc_empty_space][vc_raw_html]JTVCcmVzcG9uc2l2ZV95b3V0dWJlJTIwUDhuekN1YmJmRjAlMjBub3JlbCU1RA==[\/vc_raw_html][vc_empty_space][\/vc_column][vc_column width=&#8221;1\/2&#8243;][vc_empty_space][vc_raw_html]JTVCcmVzcG9uc2l2ZV95b3V0dWJlJTIwMUhIMHBfaEZVeTglMjBub3JlbCU1RA==[\/vc_raw_html][vc_empty_space][\/vc_column][\/vc_row][vc_row disable_element=&#8221;yes&#8221;][vc_column width=&#8221;1\/5&#8243;][vc_btn title=&#8221;VIAJES&#8221; color=&#8221;info&#8221; align=&#8221;center&#8221; button_block=&#8221;true&#8221; el_class=&#8221;colorviajes&#8221; link=&#8221;url:https%3A%2F%2Fwww.experienceswellness.com%2Findex.php%2Fviajes%2F|title:Viajes&#8221;][\/vc_column][vc_column width=&#8221;1\/5&#8243;][vc_btn title=&#8221;BIENESTAR&#8221; color=&#8221;danger&#8221; align=&#8221;center&#8221; button_block=&#8221;true&#8221; el_class=&#8221;colorbienestar&#8221; link=&#8221;url:https%3A%2F%2Fwww.experienceswellness.com%2Findex.php%2Fbienestar%2F|title:Bienestar&#8221;][\/vc_column][vc_column width=&#8221;1\/5&#8243;][vc_btn title=&#8221;REGALOS&#8221; align=&#8221;center&#8221; button_block=&#8221;true&#8221; el_class=&#8221;colorregalos&#8221; link=&#8221;url:https%3A%2F%2Fwww.experienceswellness.com%2Findex.php%2Fregalos%2F|title:Regalos&#8221;][\/vc_column][vc_column width=&#8221;1\/5&#8243;][vc_btn title=&#8221;PROFESIONALES&#8221; color=&#8221;blue&#8221; align=&#8221;center&#8221; button_block=&#8221;true&#8221; el_class=&#8221;colorprofesional&#8221; link=&#8221;url:https%3A%2F%2Fwww.experienceswellness.com%2Findex.php%2Fregister%2F&#8221;][\/vc_column][vc_column width=&#8221;1\/5&#8243;][vc_btn title=&#8221;BLOG&#8221; color=&#8221;warning&#8221; align=&#8221;center&#8221; button_block=&#8221;true&#8221; el_class=&#8221;colorblog&#8221; link=&#8221;url:https%3A%2F%2Fwww.experienceswellness.com%2Findex.php%2Fblog-2%2F|title:Blog&#8221;][\/vc_column][\/vc_row]\n","protected":false},"excerpt":{"rendered":"<p>[vc_row css=&#8221;.vc_custom_1610108519226{background-position: center !important;background-repeat: no-repeat !important;background-size: cover !important;}&#8221;][vc_column][vc_row_inner][vc_column_inner][vc_empty_space][vc_column_text css_animation=&#8221;none&#8221;] Prep\u00e1rate para descubrir un pa\u00eds apasionante,&hellip;<\/p>\n","protected":false},"author":1,"featured_media":0,"parent":2680,"menu_order":0,"comment_status":"closed","ping_status":"closed","template":"","meta":[],"_links":{"self":[{"href":"https:\/\/www.experienceswellness.com\/index.php\/wp-json\/wp\/v2\/pages\/2790"}],"collection":[{"href":"https:\/\/www.experienceswellness.com\/index.php\/wp-json\/wp\/v2\/pages"}],"about":[{"href":"https:\/\/www.experienceswellness.com\/index.php\/wp-json\/wp\/v2\/types\/page"}],"author":[{"embeddable":true,"href":"https:\/\/www.experienceswellness.com\/index.php\/wp-json\/wp\/v2\/users\/1"}],"replies":[{"embeddable":true,"href":"https:\/\/www.experienceswellness.com\/index.php\/wp-json\/wp\/v2\/comments?post=2790"}],"version-history":[{"count":10,"href":"https:\/\/www.experienceswellness.com\/index.php\/wp-json\/wp\/v2\/pages\/2790\/revisions"}],"predecessor-version":[{"id":3674,"href":"https:\/\/www.experienceswellness.com\/index.php\/wp-json\/wp\/v2\/pages\/2790\/revisions\/3674"}],"up":[{"embeddable":true,"href":"https:\/\/www.experienceswellness.com\/index.php\/wp-json\/wp\/v2\/pages\/2680"}],"wp:attachment":[{"href":"https:\/\/www.experienceswellness.com\/index.php\/wp-json\/wp\/v2\/media?parent=2790"}],"curies":[{"name":"wp","href":"https:\/\/api.w.org\/{rel}","templated":true}]}}