{"id":2774,"date":"2021-02-20T19:25:43","date_gmt":"2021-02-20T18:25:43","guid":{"rendered":"https:\/\/www.experienceswellness.com\/?page_id=2774"},"modified":"2021-05-12T07:32:07","modified_gmt":"2021-05-12T05:32:07","slug":"yucatan","status":"publish","type":"page","link":"https:\/\/www.experienceswellness.com\/index.php\/viajes\/yucatan\/","title":{"rendered":"Yucat\u00e1n"},"content":{"rendered":"[vc_row css=&#8221;.vc_custom_1610108519226{background-position: center !important;background-repeat: no-repeat !important;background-size: cover !important;}&#8221;][vc_column][vc_row_inner][vc_column_inner][vc_empty_space][vc_column_text css_animation=&#8221;none&#8221;]\n<p style=\"text-align: center;\">Quiero que conozcas desde mi experiencia en <strong>tierras Mayas<\/strong> una parte del planeta que te cautivar\u00e1, <em>sus paisajes, colores, aromas, texturas y sabores de su rica gastronom\u00eda<\/em>, especialmente el cari\u00f1o y la calidez de su gente te har\u00e1n vivir una historia de viaje Inmejorable.<\/p>\n<p style=\"text-align: center;\">Situada al sureste de <strong>M\u00e9xico<\/strong>, repleta de<strong> playas tropicales color esmeralda<\/strong>, <strong>antiguas ruinas mayas<\/strong>, peque\u00f1os <strong>pueblos m\u00e1gicos coloniales<\/strong> y vida silvestre.<\/p>\n[\/vc_column_text][vc_empty_space][\/vc_column_inner][\/vc_row_inner][\/vc_column][\/vc_row][vc_row full_width=&#8221;stretch_row&#8221; equal_height=&#8221;yes&#8221;][vc_column width=&#8221;1\/3&#8243;][vc_single_image image=&#8221;2786&#8243; img_size=&#8221;full&#8221; alignment=&#8221;center&#8221; style=&#8221;vc_box_shadow_3d&#8221; onclick=&#8221;link_image&#8221;][\/vc_column][vc_column width=&#8221;1\/3&#8243;][vc_single_image image=&#8221;2778&#8243; img_size=&#8221;full&#8221; alignment=&#8221;center&#8221; style=&#8221;vc_box_shadow_3d&#8221; onclick=&#8221;link_image&#8221;][\/vc_column][vc_column width=&#8221;1\/3&#8243;][vc_single_image image=&#8221;2785&#8243; img_size=&#8221;full&#8221; alignment=&#8221;center&#8221; style=&#8221;vc_box_shadow_3d&#8221; onclick=&#8221;link_image&#8221;][\/vc_column][\/vc_row][vc_row][vc_column][vc_empty_space][vc_column_text css_animation=&#8221;none&#8221;]\n<p style=\"text-align: center;\">Viajar por la <strong>Pen\u00ednsula de Yucat\u00e1n<\/strong> te permite conocer algunas de las m\u00e1s incre\u00edbles y antiguas ciudades del mundo maya como <strong>Edzn\u00e1<\/strong>, <strong>Tulum<\/strong> o <strong>Akumal<\/strong> y una de las declarada Maravillas del mundo <strong>Chichen Itz\u00e1<\/strong> que te dejar\u00e1 totalmente cautivado.<\/p>\n<p style=\"text-align: center;\"><strong>Campeche, Yucat\u00e1n y Quintana Roo conforman la parte mexicana de la Pen\u00ednsula de Yucat\u00e1n.<\/strong><\/p>\n[\/vc_column_text][vc_empty_space][vc_row_inner][vc_column_inner width=&#8221;1\/3&#8243;][vc_single_image image=&#8221;2783&#8243; img_size=&#8221;full&#8221; alignment=&#8221;center&#8221; style=&#8221;vc_box_shadow_3d&#8221; onclick=&#8221;link_image&#8221;][\/vc_column_inner][vc_column_inner width=&#8221;1\/3&#8243;][vc_single_image image=&#8221;2781&#8243; img_size=&#8221;full&#8221; alignment=&#8221;center&#8221; style=&#8221;vc_box_shadow_3d&#8221; onclick=&#8221;link_image&#8221;][\/vc_column_inner][vc_column_inner width=&#8221;1\/3&#8243;][vc_single_image image=&#8221;2784&#8243; img_size=&#8221;full&#8221; alignment=&#8221;center&#8221; style=&#8221;vc_box_shadow_3d&#8221; onclick=&#8221;link_image&#8221;][\/vc_column_inner][\/vc_row_inner][vc_empty_space][vc_row_inner][vc_column_inner width=&#8221;1\/2&#8243;][vc_single_image image=&#8221;2780&#8243; img_size=&#8221;full&#8221; alignment=&#8221;center&#8221; style=&#8221;vc_box_shadow_3d&#8221; onclick=&#8221;link_image&#8221;][\/vc_column_inner][vc_column_inner width=&#8221;1\/2&#8243;][vc_empty_space][vc_column_text css_animation=&#8221;none&#8221;]\n<p style=\"text-align: center;\">\u00bfSabes que hay una experiencia exclusiva que solo puedes tener en el estado de Yucat\u00e1n?<\/p>\n<p style=\"text-align: center;\"><strong>Los cenotes<\/strong><\/p>\n<p style=\"text-align: center;\"><strong>\u00a1 Son el \u00fanico recurso para la obtenci\u00f3n de agua fresca en la selva !<\/strong><\/p>\n<p style=\"text-align: center;\">Sumergirte, nadar en espacios paradisiacos quedar\u00e1n grabados por siempre en tu menor\u00eda.<br \/>\nSon muchas las razones para viajar a <strong>Yucat\u00e1n<\/strong> y yo te las contar\u00e9 todas.<\/p>\n[\/vc_column_text][\/vc_column_inner][\/vc_row_inner][vc_empty_space][vc_btn title=&#8221;quiero viajar&#8221; color=&#8221;info&#8221; align=&#8221;center&#8221; el_class=&#8221;colorviajes&#8221; link=&#8221;url:https%3A%2F%2Fwww.experienceswellness.com%2Findex.php%2Fformulario-de-viaje%2F|title:Formulario%20de%20Viaje&#8221;][vc_empty_space][\/vc_column][\/vc_row][vc_row disable_element=&#8221;yes&#8221;][vc_column width=&#8221;1\/5&#8243;][vc_btn title=&#8221;VIAJES&#8221; color=&#8221;info&#8221; align=&#8221;center&#8221; button_block=&#8221;true&#8221; el_class=&#8221;colorviajes&#8221; link=&#8221;url:https%3A%2F%2Fwww.experienceswellness.com%2Findex.php%2Fviajes%2F|title:Viajes&#8221;][\/vc_column][vc_column width=&#8221;1\/5&#8243;][vc_btn title=&#8221;BIENESTAR&#8221; color=&#8221;danger&#8221; align=&#8221;center&#8221; button_block=&#8221;true&#8221; el_class=&#8221;colorbienestar&#8221; link=&#8221;url:https%3A%2F%2Fwww.experienceswellness.com%2Findex.php%2Fbienestar%2F|title:Bienestar&#8221;][\/vc_column][vc_column width=&#8221;1\/5&#8243;][vc_btn title=&#8221;REGALOS&#8221; align=&#8221;center&#8221; button_block=&#8221;true&#8221; el_class=&#8221;colorregalos&#8221; link=&#8221;url:https%3A%2F%2Fwww.experienceswellness.com%2Findex.php%2Fregalos%2F|title:Regalos&#8221;][\/vc_column][vc_column width=&#8221;1\/5&#8243;][vc_btn title=&#8221;PROFESIONALES&#8221; color=&#8221;blue&#8221; align=&#8221;center&#8221; button_block=&#8221;true&#8221; el_class=&#8221;colorprofesional&#8221; link=&#8221;url:https%3A%2F%2Fwww.experienceswellness.com%2Findex.php%2Fregister%2F|title:Profesionales&#8221;][\/vc_column][vc_column width=&#8221;1\/5&#8243;][vc_btn title=&#8221;BLOG&#8221; color=&#8221;warning&#8221; align=&#8221;center&#8221; button_block=&#8221;true&#8221; el_class=&#8221;colorblog&#8221; link=&#8221;url:https%3A%2F%2Fwww.experienceswellness.com%2Findex.php%2Fblog-2%2F|title:Blog&#8221;][\/vc_column][\/vc_row]\n","protected":false},"excerpt":{"rendered":"<p>[vc_row css=&#8221;.vc_custom_1610108519226{background-position: center !important;background-repeat: no-repeat !important;background-size: cover !important;}&#8221;][vc_column][vc_row_inner][vc_column_inner][vc_empty_space][vc_column_text css_animation=&#8221;none&#8221;] Quiero que conozcas desde mi experiencia&hellip;<\/p>\n","protected":false},"author":1,"featured_media":0,"parent":2680,"menu_order":0,"comment_status":"closed","ping_status":"closed","template":"","meta":[],"_links":{"self":[{"href":"https:\/\/www.experienceswellness.com\/index.php\/wp-json\/wp\/v2\/pages\/2774"}],"collection":[{"href":"https:\/\/www.experienceswellness.com\/index.php\/wp-json\/wp\/v2\/pages"}],"about":[{"href":"https:\/\/www.experienceswellness.com\/index.php\/wp-json\/wp\/v2\/types\/page"}],"author":[{"embeddable":true,"href":"https:\/\/www.experienceswellness.com\/index.php\/wp-json\/wp\/v2\/users\/1"}],"replies":[{"embeddable":true,"href":"https:\/\/www.experienceswellness.com\/index.php\/wp-json\/wp\/v2\/comments?post=2774"}],"version-history":[{"count":9,"href":"https:\/\/www.experienceswellness.com\/index.php\/wp-json\/wp\/v2\/pages\/2774\/revisions"}],"predecessor-version":[{"id":3598,"href":"https:\/\/www.experienceswellness.com\/index.php\/wp-json\/wp\/v2\/pages\/2774\/revisions\/3598"}],"up":[{"embeddable":true,"href":"https:\/\/www.experienceswellness.com\/index.php\/wp-json\/wp\/v2\/pages\/2680"}],"wp:attachment":[{"href":"https:\/\/www.experienceswellness.com\/index.php\/wp-json\/wp\/v2\/media?parent=2774"}],"curies":[{"name":"wp","href":"https:\/\/api.w.org\/{rel}","templated":true}]}}