{"id":2732,"date":"2021-02-20T18:20:31","date_gmt":"2021-02-20T17:20:31","guid":{"rendered":"https:\/\/www.experienceswellness.com\/?page_id=2732"},"modified":"2021-05-12T07:15:40","modified_gmt":"2021-05-12T05:15:40","slug":"butan","status":"publish","type":"page","link":"https:\/\/www.experienceswellness.com\/index.php\/viajes\/butan\/","title":{"rendered":"But\u00e1n"},"content":{"rendered":"[vc_row css=&#8221;.vc_custom_1610108519226{background-position: center !important;background-repeat: no-repeat !important;background-size: cover !important;}&#8221;][vc_column][vc_row_inner][vc_column_inner][vc_empty_space][vc_column_text css_animation=&#8221;none&#8221;]\n<p style=\"text-align: center;\">Estoy entusiasmada de que puedas conocer un peque\u00f1o pa\u00eds escondido entre monta\u00f1as, con unas vistas impresionantes del <strong>Himalaya<\/strong> y a salvo del turismo masificado, es un reino envuelto de misterio y magia donde el paso del tiempo es apenas apreciable &#8230;<br \/>\n\u00danico lugar en el mundo que mide el valor de sus bienes y evoluci\u00f3n del pa\u00eds por su \u00edndice de <strong>Bienestar y Felicidad<\/strong>.<\/p>\n<p style=\"text-align: center;\"><strong>But\u00e1n \u201cEl pa\u00eds de la felicidad \u201c<\/strong><\/p>\n[\/vc_column_text][vc_empty_space][\/vc_column_inner][\/vc_row_inner][\/vc_column][\/vc_row][vc_row full_width=&#8221;stretch_row&#8221; equal_height=&#8221;yes&#8221;][vc_column width=&#8221;1\/3&#8243;][vc_single_image image=&#8221;2738&#8243; img_size=&#8221;full&#8221; alignment=&#8221;center&#8221; style=&#8221;vc_box_shadow_3d&#8221; onclick=&#8221;link_image&#8221;][\/vc_column][vc_column width=&#8221;1\/3&#8243;][vc_single_image image=&#8221;2739&#8243; img_size=&#8221;full&#8221; alignment=&#8221;center&#8221; style=&#8221;vc_box_shadow_3d&#8221; onclick=&#8221;link_image&#8221;][\/vc_column][vc_column width=&#8221;1\/3&#8243;][vc_single_image image=&#8221;2741&#8243; img_size=&#8221;full&#8221; alignment=&#8221;center&#8221; style=&#8221;vc_box_shadow_3d&#8221; onclick=&#8221;link_image&#8221;][\/vc_column][vc_column][vc_empty_space][vc_single_image image=&#8221;2743&#8243; img_size=&#8221;full&#8221; alignment=&#8221;center&#8221; style=&#8221;vc_box_shadow_3d&#8221; onclick=&#8221;link_image&#8221;][vc_empty_space][\/vc_column][\/vc_row][vc_row][vc_column][vc_column_text css_animation=&#8221;none&#8221;]\n<p style=\"text-align: center;\">La emoci\u00f3n empieza ya desde el aire con una entrada de belleza paisaj\u00edstica excepcional al inicio del aterrizaje en la ciudad de Paro.<br \/>\nLa amplia sonrisa de sus gentes te recibir\u00e1 siendo el inicio de una experiencia de <strong>viaje inolvidable en uno de los lugares m\u00e1s aut\u00e9nticos del mundo<\/strong>.<\/p>\n<p style=\"text-align: center;\"><strong>\u00a1Sorprendente But\u00e1n !<\/strong><\/p>\n<p style=\"text-align: center;\">Tierra <strong>budista<\/strong> de <em>gran riqueza espiritual con sus m\u00e1s de 155 templos y monasterios<\/em>, donde puedes vivir experiencias que te transformaran, como participar en una ceremonia privada de <strong>meditaci\u00f3n<\/strong> budista con los monjes o asistir a clases de <strong>yoga<\/strong> para renovar cuerpo y emociones, etc.<\/p>\n<p style=\"text-align: center;\">\u00bfsabes que puedes formar parte de un ritual conmovedor en un<strong> antiguo templo<\/strong> disfrutando de una barbacoa de le\u00f1a junto a los monjes?<\/p>\n<p style=\"text-align: center;\">Te encantar\u00e1 recorrer sus <strong>parques nacionales<\/strong> lugares poco explorados en un entorno \u00fanico, <strong>bosques alpinos y selvas tropicales<\/strong>, hermosas caminatas en impresionantes campos de arroz, frondosos bosques de magnolias y naranjos, ascender hasta el <strong>Monasterio del Nido del Tigre<\/strong> un templo suspendido sobre un acantilado de novecientos metros de altura, etc.<br \/>\nLa protecci\u00f3n del medio ambiente forma parte de la cultura de <strong>But\u00e1n<\/strong>.<\/p>\n<p style=\"text-align: center;\"><strong>La naturaleza y su conservaci\u00f3n es intocable y sagrada para todos los butaneses.<\/strong><\/p>\n[\/vc_column_text][vc_empty_space height=&#8221;70px&#8221;][vc_row_inner][vc_column_inner width=&#8221;1\/2&#8243;][vc_single_image image=&#8221;2740&#8243; img_size=&#8221;full&#8221; alignment=&#8221;center&#8221; style=&#8221;vc_box_shadow_3d&#8221; onclick=&#8221;link_image&#8221;][\/vc_column_inner][vc_column_inner width=&#8221;1\/2&#8243;][vc_column_text css_animation=&#8221;none&#8221;]\n<p style=\"text-align: center;\">\u00bfQuieres saber una de las experiencias realmente emocionante para m\u00ed?<\/p>\n<p style=\"text-align: center;\">\u00a1Hacer inmersi\u00f3n en zonas rurales con familias locales participando de sus costumbres sintiendo la esencia butanesa, tienes que vivirlo!<br \/>\nEl <strong>trekking, rafting, kayak y rutas en bicicleta<\/strong>, son algunas de las actividades que te permiten conocer lugares de gran belleza en <strong>But\u00e1n<\/strong>.<\/p>\n<p style=\"text-align: center;\"><strong>\u00bfQuieres explorar \u201cel Pa\u00eds de la Felicidad \u201c?<\/strong><\/p>\n[\/vc_column_text][vc_empty_space][vc_btn title=&#8221;quiero viajar&#8221; color=&#8221;info&#8221; align=&#8221;center&#8221; el_class=&#8221;colorviajes&#8221;][\/vc_column_inner][\/vc_row_inner][vc_empty_space][\/vc_column][\/vc_row][vc_row disable_element=&#8221;yes&#8221;][vc_column width=&#8221;1\/5&#8243;][vc_btn title=&#8221;VIAJES&#8221; color=&#8221;info&#8221; align=&#8221;center&#8221; button_block=&#8221;true&#8221; el_class=&#8221;colorviajes&#8221; link=&#8221;url:https%3A%2F%2Fwww.experienceswellness.com%2Findex.php%2Fviajes%2F|title:Viajes&#8221;][\/vc_column][vc_column width=&#8221;1\/5&#8243;][vc_btn title=&#8221;BIENESTAR&#8221; color=&#8221;danger&#8221; align=&#8221;center&#8221; button_block=&#8221;true&#8221; el_class=&#8221;colorbienestar&#8221; link=&#8221;url:https%3A%2F%2Fwww.experienceswellness.com%2Findex.php%2Fbienestar%2F|title:Bienestar&#8221;][\/vc_column][vc_column width=&#8221;1\/5&#8243;][vc_btn title=&#8221;REGALOS&#8221; align=&#8221;center&#8221; button_block=&#8221;true&#8221; el_class=&#8221;colorregalos&#8221; link=&#8221;url:https%3A%2F%2Fwww.experienceswellness.com%2Findex.php%2Fregalos%2F|title:Regalos&#8221;][\/vc_column][vc_column width=&#8221;1\/5&#8243;][vc_btn title=&#8221;PROFESIONALES&#8221; color=&#8221;blue&#8221; align=&#8221;center&#8221; button_block=&#8221;true&#8221; el_class=&#8221;colorprofesional&#8221; link=&#8221;url:https%3A%2F%2Fwww.experienceswellness.com%2Findex.php%2Fregister%2F&#8221;][\/vc_column][vc_column width=&#8221;1\/5&#8243;][vc_btn title=&#8221;BLOG&#8221; color=&#8221;warning&#8221; align=&#8221;center&#8221; button_block=&#8221;true&#8221; el_class=&#8221;colorblog&#8221; link=&#8221;url:https%3A%2F%2Fwww.experienceswellness.com%2Findex.php%2Fblog-2%2F|title:Blog&#8221;][\/vc_column][\/vc_row]\n","protected":false},"excerpt":{"rendered":"<p>[vc_row css=&#8221;.vc_custom_1610108519226{background-position: center !important;background-repeat: no-repeat !important;background-size: cover !important;}&#8221;][vc_column][vc_row_inner][vc_column_inner][vc_empty_space][vc_column_text css_animation=&#8221;none&#8221;] Estoy entusiasmada de que puedas conocer&hellip;<\/p>\n","protected":false},"author":1,"featured_media":0,"parent":2680,"menu_order":0,"comment_status":"closed","ping_status":"closed","template":"","meta":[],"_links":{"self":[{"href":"https:\/\/www.experienceswellness.com\/index.php\/wp-json\/wp\/v2\/pages\/2732"}],"collection":[{"href":"https:\/\/www.experienceswellness.com\/index.php\/wp-json\/wp\/v2\/pages"}],"about":[{"href":"https:\/\/www.experienceswellness.com\/index.php\/wp-json\/wp\/v2\/types\/page"}],"author":[{"embeddable":true,"href":"https:\/\/www.experienceswellness.com\/index.php\/wp-json\/wp\/v2\/users\/1"}],"replies":[{"embeddable":true,"href":"https:\/\/www.experienceswellness.com\/index.php\/wp-json\/wp\/v2\/comments?post=2732"}],"version-history":[{"count":10,"href":"https:\/\/www.experienceswellness.com\/index.php\/wp-json\/wp\/v2\/pages\/2732\/revisions"}],"predecessor-version":[{"id":2962,"href":"https:\/\/www.experienceswellness.com\/index.php\/wp-json\/wp\/v2\/pages\/2732\/revisions\/2962"}],"up":[{"embeddable":true,"href":"https:\/\/www.experienceswellness.com\/index.php\/wp-json\/wp\/v2\/pages\/2680"}],"wp:attachment":[{"href":"https:\/\/www.experienceswellness.com\/index.php\/wp-json\/wp\/v2\/media?parent=2732"}],"curies":[{"name":"wp","href":"https:\/\/api.w.org\/{rel}","templated":true}]}}