{"id":2695,"date":"2021-02-19T17:13:08","date_gmt":"2021-02-19T16:13:08","guid":{"rendered":"https:\/\/www.experienceswellness.com\/?page_id=2695"},"modified":"2021-05-12T06:45:31","modified_gmt":"2021-05-12T04:45:31","slug":"bienestar","status":"publish","type":"page","link":"https:\/\/www.experienceswellness.com\/index.php\/bienestar\/","title":{"rendered":"Bienestar"},"content":{"rendered":"[vc_row full_width=&#8221;stretch_row&#8221; full_height=&#8221;yes&#8221; content_placement=&#8221;middle&#8221; parallax=&#8221;content-moving&#8221; css=&#8221;.vc_custom_1613754652754{background-image: url(https:\/\/www.experienceswellness.com\/wp-content\/uploads\/2021\/02\/slider4b-EW.jpg?id=2705) !important;}&#8221;][vc_column][\/vc_column][\/vc_row][vc_row][vc_column][vc_empty_space][vc_column_text css_animation=&#8221;none&#8221;]\n<h2 style=\"text-align: center;\">Sentirse bien con uno mismo<\/h2>\n<p style=\"text-align: center;\"><em>\u201c <\/em>Nuestra persona es un reflejo de nuestra vida<em>\u201d<\/em><\/p>\n[\/vc_column_text][\/vc_column][\/vc_row][vc_row][vc_column][vc_empty_space][\/vc_column][\/vc_row][vc_row][vc_column][vc_row_inner][vc_column_inner width=&#8221;1\/2&#8243;][vc_empty_space height=&#8221;60px&#8221;][vc_single_image image=&#8221;2698&#8243; img_size=&#8221;full&#8221; alignment=&#8221;center&#8221; style=&#8221;vc_box_shadow_3d&#8221;][\/vc_column_inner][vc_column_inner width=&#8221;1\/2&#8243; css=&#8221;.vc_custom_1613748633647{background-image: url(https:\/\/www.experienceswellness.com\/wp-content\/uploads\/2020\/12\/marca-agua-arbol-2.jpg?id=1087) !important;background-position: center !important;background-repeat: no-repeat !important;background-size: contain !important;}&#8221;][vc_column_text css_animation=&#8221;none&#8221;]\n<h2 style=\"text-align: center;\">\u00bfQu\u00e9 es Ayurveda?<\/h2>\n<p style=\"text-align: center;\"><strong>Ayurveda<\/strong> &#8221; Conocimiento de la Vida &#8221; es una ciencia milenaria procedente de India con m\u00e1s de 5000 a\u00f1os de antig\u00fcedad, su experiencia se remonta a los principios de la historia.<\/p>\n<p style=\"text-align: center;\">Es un estilo de vida.<\/p>\n<p style=\"text-align: center;\">Consigues irradiar bienestar, sentirte bien y feliz contigo mismo.<\/p>\n<p style=\"text-align: center;\">Reconoce tres tipolog\u00edas o constituciones (doshas) :<\/p>\n<p style=\"text-align: center;\">VATA &#8211; PITTA &#8211; KAPHA<\/p>\n<p style=\"text-align: center;\"><strong>\u00bfQuieres descubrir cual es la tuya?<\/strong><\/p>\n[\/vc_column_text][vc_empty_space][vc_btn title=&#8221;Entra en el mundo Ayurveda&#8221; color=&#8221;danger&#8221; align=&#8221;center&#8221; css_animation=&#8221;none&#8221; link=&#8221;url:https%3A%2F%2Fwww.experienceswellness.com%2Findex.php%2Fbienestar%2Fayurveda%2F|title:Ayurveda&#8221;][\/vc_column_inner][\/vc_row_inner][vc_empty_space][\/vc_column][\/vc_row][vc_row][vc_column][vc_separator el_width=&#8221;80&#8243;][vc_empty_space][\/vc_column][\/vc_row][vc_row][vc_column width=&#8221;1\/2&#8243; css=&#8221;.vc_custom_1613754432115{background-image: url(https:\/\/www.experienceswellness.com\/wp-content\/uploads\/2020\/12\/marca-agua-arbol-2.jpg?id=1087) !important;background-position: center !important;background-repeat: no-repeat !important;background-size: contain !important;}&#8221;][vc_column_text css_animation=&#8221;none&#8221;]\n<h2 style=\"text-align: center;\">Flores de Bach<\/h2>\n<p style=\"text-align: center;\">En este apartado te ir\u00e9 recomendando las mejores biograf\u00edas<\/p>\n<p style=\"text-align: center;\"><strong>Pero, \u00bfQu\u00e9 son las Flores de Bach?<\/strong><br \/>\nUn viaje en el tiempo nos traslada hasta Mosley cerca de Birmingham (Inglaterra) donde un 24 de septiembre de 1886 nace Edward Bach.<br \/>\nEdward Bach, m\u00e9dico ingl\u00e9s bacteri\u00f3logo, pat\u00f3logo y home\u00f3pata. Su gran sensibilidad, pasi\u00f3n y admiraci\u00f3n por la naturaleza, su compromiso y b\u00fasqueda continuada le lleva a desarrollar un sistema de terapia natural de 38 esencias florales qu\u00e9 dejara como legado para toda la humanidad.<br \/>\nGracias Edward Bach. (Foto Edward Bach).<br \/>\nLas 38 Flores de Bach\u00a0 <strong>\u00bfC\u00f3mo te pueden ayudar?<\/strong>, entra y desc\u00fabrelo.<\/p>\n[\/vc_column_text][vc_empty_space][vc_btn title=&#8221;Flores de Bach&#8221; color=&#8221;danger&#8221; align=&#8221;center&#8221; css_animation=&#8221;none&#8221; link=&#8221;url:https%3A%2F%2Fwww.experienceswellness.com%2Findex.php%2Fbienestar%2Fflores-de-bach%2F|title:Flores%20de%20Bach&#8221;][\/vc_column][vc_column width=&#8221;1\/2&#8243;][vc_empty_space height=&#8221;160px&#8221;][vc_single_image image=&#8221;1607&#8243; img_size=&#8221;full&#8221; alignment=&#8221;center&#8221; style=&#8221;vc_box_shadow_3d&#8221;][\/vc_column][\/vc_row][vc_row][vc_column][vc_empty_space][vc_separator el_width=&#8221;80&#8243;][vc_empty_space][vc_row_inner][vc_column_inner width=&#8221;1\/2&#8243;][vc_empty_space height=&#8221;100px&#8221;][vc_single_image image=&#8221;1458&#8243; img_size=&#8221;full&#8221; alignment=&#8221;center&#8221; style=&#8221;vc_box_shadow_3d&#8221;][\/vc_column_inner][vc_column_inner width=&#8221;1\/2&#8243; css=&#8221;.vc_custom_1613754440221{background-image: url(https:\/\/www.experienceswellness.com\/wp-content\/uploads\/2020\/12\/marca-agua-arbol-2.jpg?id=1087) !important;background-position: center !important;background-repeat: no-repeat !important;background-size: contain !important;}&#8221;][vc_column_text css_animation=&#8221;none&#8221;]\n<h2 style=\"text-align: center;\">FIT GIPSY DANCE<\/h2>\n<h4 style=\"text-align: center;\">Fitness flamenco terap\u00e9utico<\/h4>\n<p style=\"text-align: center;\">Bienvenidos a esta alegre y poderosa experiencia de bienestar.<\/p>\n<p style=\"text-align: center;\"><strong>\u00bfQuieres saber qu\u00e9 es la Flamenco Terapia y qu\u00e9 me aporta a m\u00ed?<\/strong><\/p>\n<p style=\"text-align: center;\">ENTRA Y DESCUBRE COMO TE BENEFICIAR\u00c1<\/p>\n[\/vc_column_text][vc_empty_space][vc_btn title=&#8221;Fit Gipsy Dance&#8221; color=&#8221;danger&#8221; align=&#8221;center&#8221; css_animation=&#8221;none&#8221; link=&#8221;url:https%3A%2F%2Fwww.experienceswellness.com%2Findex.php%2Fbienestar%2Ffit-gipsy-dance%2F|title:Fit%20Gipsy%20Dance&#8221;][\/vc_column_inner][\/vc_row_inner][vc_empty_space][vc_empty_space][\/vc_column][\/vc_row][vc_row disable_element=&#8221;yes&#8221;][vc_column width=&#8221;1\/5&#8243;][vc_btn title=&#8221;MAR\u00cdA OJEDA&#8221; color=&#8221;success&#8221; align=&#8221;center&#8221; button_block=&#8221;true&#8221; el_class=&#8221;colorviajes&#8221; link=&#8221;url:https%3A%2F%2Fwww.experienceswellness.com%2Findex.php%2Fmaria-ojeda%2F|title:Mar%C3%ADa%20Ojeda&#8221;][\/vc_column][vc_column width=&#8221;1\/5&#8243;][vc_btn title=&#8221;VIAJES&#8221; color=&#8221;info&#8221; align=&#8221;center&#8221; button_block=&#8221;true&#8221; el_class=&#8221;colorbienestar&#8221; link=&#8221;url:https%3A%2F%2Fwww.experienceswellness.com%2Findex.php%2Fviajes%2F|title:Viajes&#8221;][\/vc_column][vc_column width=&#8221;1\/5&#8243;][vc_btn title=&#8221;REGALOS&#8221; align=&#8221;center&#8221; button_block=&#8221;true&#8221; el_class=&#8221;colorregalos&#8221; link=&#8221;url:https%3A%2F%2Fwww.experienceswellness.com%2Findex.php%2Fregalos%2F|title:Regalos&#8221;][\/vc_column][vc_column width=&#8221;1\/5&#8243;][vc_btn title=&#8221;PROFESIONALES&#8221; color=&#8221;blue&#8221; align=&#8221;center&#8221; button_block=&#8221;true&#8221; el_class=&#8221;colorprofesional&#8221; link=&#8221;url:https%3A%2F%2Fwww.experienceswellness.com%2Findex.php%2Fregister%2F&#8221;][\/vc_column][vc_column width=&#8221;1\/5&#8243;][vc_btn title=&#8221;BLOG&#8221; color=&#8221;warning&#8221; align=&#8221;center&#8221; button_block=&#8221;true&#8221; el_class=&#8221;colorblog&#8221; link=&#8221;url:https%3A%2F%2Fwww.experienceswellness.com%2Findex.php%2Fblog-2%2F|title:Blog&#8221;][\/vc_column][\/vc_row]\n","protected":false},"excerpt":{"rendered":"<p>[vc_row full_width=&#8221;stretch_row&#8221; full_height=&#8221;yes&#8221; content_placement=&#8221;middle&#8221; parallax=&#8221;content-moving&#8221; css=&#8221;.vc_custom_1613754652754{background-image: url(https:\/\/www.experienceswellness.com\/wp-content\/uploads\/2021\/02\/slider4b-EW.jpg?id=2705) !important;}&#8221;][vc_column][\/vc_column][\/vc_row][vc_row][vc_column][vc_empty_space][vc_column_text css_animation=&#8221;none&#8221;] Sentirse bien con uno mismo \u201c&hellip;<\/p>\n","protected":false},"author":1,"featured_media":0,"parent":0,"menu_order":0,"comment_status":"closed","ping_status":"closed","template":"","meta":[],"_links":{"self":[{"href":"https:\/\/www.experienceswellness.com\/index.php\/wp-json\/wp\/v2\/pages\/2695"}],"collection":[{"href":"https:\/\/www.experienceswellness.com\/index.php\/wp-json\/wp\/v2\/pages"}],"about":[{"href":"https:\/\/www.experienceswellness.com\/index.php\/wp-json\/wp\/v2\/types\/page"}],"author":[{"embeddable":true,"href":"https:\/\/www.experienceswellness.com\/index.php\/wp-json\/wp\/v2\/users\/1"}],"replies":[{"embeddable":true,"href":"https:\/\/www.experienceswellness.com\/index.php\/wp-json\/wp\/v2\/comments?post=2695"}],"version-history":[{"count":20,"href":"https:\/\/www.experienceswellness.com\/index.php\/wp-json\/wp\/v2\/pages\/2695\/revisions"}],"predecessor-version":[{"id":3570,"href":"https:\/\/www.experienceswellness.com\/index.php\/wp-json\/wp\/v2\/pages\/2695\/revisions\/3570"}],"wp:attachment":[{"href":"https:\/\/www.experienceswellness.com\/index.php\/wp-json\/wp\/v2\/media?parent=2695"}],"curies":[{"name":"wp","href":"https:\/\/api.w.org\/{rel}","templated":true}]}}