{"id":2680,"date":"2021-02-19T16:08:00","date_gmt":"2021-02-19T15:08:00","guid":{"rendered":"https:\/\/www.experienceswellness.com\/?page_id=2680"},"modified":"2022-06-12T17:39:59","modified_gmt":"2022-06-12T15:39:59","slug":"viajes","status":"publish","type":"page","link":"https:\/\/www.experienceswellness.com\/index.php\/viajes\/","title":{"rendered":"Viajes"},"content":{"rendered":"[vc_row full_width=&#8221;stretch_row&#8221; full_height=&#8221;yes&#8221; content_placement=&#8221;middle&#8221; parallax=&#8221;content-moving&#8221; css=&#8221;.vc_custom_1613747307945{background-image: url(https:\/\/www.experienceswellness.com\/wp-content\/uploads\/2021\/02\/slider3-EW.jpg?id=2641) !important;}&#8221;][vc_column][\/vc_column][\/vc_row][vc_row][vc_column][vc_empty_space][vc_column_text css_animation=&#8221;none&#8221;]\n<h2 style=\"text-align: center;\">Las vueltas dan mucha vida<\/h2>\n<p style=\"text-align: center;\"><em>\u201c <\/em>Viajes inolvidables personalizados<em>\u201d<\/em><\/p>\n[\/vc_column_text][\/vc_column][\/vc_row][vc_row][vc_column][vc_empty_space][vc_column_text]\n<h5 style=\"text-align: center;\" align=\"center\"><span lang=\"ca\"><a href=\"https:\/\/www.experienceswellness.com\/index.php\/viajes\/india\/\">INDIA<\/a> &#8211; <a href=\"https:\/\/www.experienceswellness.com\/index.php\/viajes\/sri-lanka\/\">SRI LANKA<\/a> &#8211; <a href=\"https:\/\/www.experienceswellness.com\/index.php\/viajes\/maldivas\/\">MALDIVAS<\/a> &#8211; <a href=\"https:\/\/www.experienceswellness.com\/index.php\/viajes\/nepal\/\">NEPAL<\/a> &#8211; <a href=\"https:\/\/www.experienceswellness.com\/index.php\/viajes\/butan\/\">BUT\u00c1N<\/a> &#8211; <a href=\"https:\/\/www.experienceswellness.com\/index.php\/viajes\/yucatan\/\">M\u00c9XICO (YUCAT\u00c1N)<\/a> &#8211; <a href=\"https:\/\/www.experienceswellness.com\/index.php\/viajes\/peru\/\">PER\u00da<\/a> &#8211; <a href=\"https:\/\/www.experienceswellness.com\/index.php\/viajes\/ecuador-islas-galapagos\/\">ECUADOR E ISLAS GAL\u00c1PAGOS<\/a> &#8211;\u00a0 <a href=\"https:\/\/www.experienceswellness.com\/index.php\/viajes\/lo-autentico-de-espana\/\">BEST OF SPAIN<\/a><\/span><\/h5>\n[\/vc_column_text][vc_empty_space][\/vc_column][\/vc_row][vc_row][vc_column][vc_row_inner][vc_column_inner width=&#8221;1\/2&#8243;][vc_empty_space height=&#8221;80px&#8221;][vc_single_image image=&#8221;1376&#8243; img_size=&#8221;full&#8221; alignment=&#8221;center&#8221; style=&#8221;vc_box_shadow_3d&#8221;][\/vc_column_inner][vc_column_inner width=&#8221;1\/2&#8243; css=&#8221;.vc_custom_1613748633647{background-image: url(https:\/\/www.experienceswellness.com\/wp-content\/uploads\/2020\/12\/marca-agua-arbol-2.jpg?id=1087) !important;background-position: center !important;background-repeat: no-repeat !important;background-size: contain !important;}&#8221;][vc_column_text css_animation=&#8221;none&#8221;]\n<h2 style=\"text-align: center;\">\u00bfHas so\u00f1ado con viajar al para\u00edso?<\/h2>\n<p style=\"text-align: center;\">Ahora puedes hacer realidad ese viaje que tienes en la cabeza desde hace tiempo.<\/p>\n<p style=\"text-align: center;\">Te ofrezco la oportunidad de vivir una experiencia \u00fanica y exclusiva para que descubras la esencia de cada destino y explores lo mejor de cada pa\u00eds.<br \/>\nT\u00fa ya sabes lo que buscas.<\/p>\n<p style=\"text-align: center;\">Por eso te personalizar\u00e9 experiencias de bienestar, tem\u00e1ticas y de aventura para que realices un viaje inolvidable.<\/p>\n<p style=\"text-align: center;\">Y si no lo tienes claro, te estudiar\u00e9 para garantizarte tu mejor vivencia.<\/p>\n<p><strong>EW TRAVEL<\/strong> &#8211; Te proporciona Viajes personalizados, privados y viajes en grupo.<\/p>\n<p style=\"text-align: center;\">Salidas en grupo en unos programas de viaje de autor totalmente exclusivos donde las actividades y experiencias para tu bienestar siempre est\u00e1n presentes,<\/p>\n<p style=\"text-align: center;\">Salidas grupales \u00a0coordinaci\u00f3n y acompa\u00f1amiento desde el inicio del viaje por <strong>Mar\u00eda Ojeda \u2013Travel &amp; Wellness Coach .<\/strong><\/p>\n<p style=\"text-align: center;\"><strong>EW \u2013 TRAVEL<\/strong> gestiona tu viaje ofreci\u00e9ndote garant\u00eda, seguridad y confianza con el objetivo de que vivas la mejor experiencia desde el inicio de poner en marcha el viaje de tus sue\u00f1os.<\/p>\n<p style=\"text-align: center;\">\n[\/vc_column_text][vc_empty_space][vc_btn title=&#8221;Si, quiero un viaje inolvidable&#8221; color=&#8221;info&#8221; align=&#8221;center&#8221; css_animation=&#8221;fadeIn&#8221; link=&#8221;url:https%3A%2F%2Fwww.experienceswellness.com%2Findex.php%2Fformulario-de-viaje%2F&#8221;][\/vc_column_inner][\/vc_row_inner][\/vc_column][\/vc_row][vc_row disable_element=&#8221;yes&#8221;][vc_column][vc_empty_space][vc_cta h2=&#8221;&#8221; txt_align=&#8221;center&#8221; style=&#8221;flat&#8221; color=&#8221;turquoise&#8221; css_animation=&#8221;none&#8221;]\n<h2 style=\"text-align: center;\"><span style=\"color: #ffffff;\">\u00bfEres empresa organizadora de viajes?<\/span><\/h2>\n<p style=\"text-align: center;\"><span style=\"color: #ffffff;\">Contacta para coordinar nuestras incre\u00edbles propuestas para que tus clientes te lo agradezcan toda su vida.<\/span><\/p>\n[\/vc_cta][vc_btn title=&#8221;Si, quiero saber m\u00e1s&#8221; color=&#8221;info&#8221; align=&#8221;center&#8221; css_animation=&#8221;fadeIn&#8221; link=&#8221;url:https%3A%2F%2Fwww.experienceswellness.com%2Findex.php%2Fformulario-de-viaje%2F&#8221;][\/vc_column][\/vc_row][vc_row][vc_column][vc_empty_space][vc_column_text css_animation=&#8221;none&#8221;]\n<h2 style=\"text-align: center;\">\u00bfTe animas a vivir una experiencia de viaje que te dejar\u00e1 con la boca abierta?<\/h2>\n[\/vc_column_text][vc_empty_space][\/vc_column][\/vc_row][vc_row equal_height=&#8221;yes&#8221;][vc_column width=&#8221;1\/5&#8243; css=&#8221;.vc_custom_1616944152291{margin-top: 20px !important;margin-bottom: 20px !important;background-color: #dcc9ff !important;}&#8221;][vc_empty_space height=&#8221;60px&#8221;][vc_column_text el_class=&#8221;creauno&#8221;]\n<h4 style=\"text-align: center;\"><strong>\u00bfViajas solo?<\/strong><\/h4>\n<p style=\"text-align: center;\">El mundo es tuyo.<\/p>\n<p style=\"text-align: center;\">Domina tu destino preparando un itinerario completo y a tu ritmo.<\/p>\n[\/vc_column_text][\/vc_column][vc_column width=&#8221;1\/5&#8243; css=&#8221;.vc_custom_1616944087932{margin-top: 10px !important;margin-bottom: 10px !important;background-color: #ab73e2 !important;}&#8221;][vc_column_text]\n<h4 style=\"text-align: center;\"><span style=\"color: #ffffff;\"><strong>\u00bfDeseas casarte en un lugar ex\u00f3tico?<\/strong><\/span><\/h4>\n<p style=\"text-align: center;\"><span style=\"color: #ffffff;\">Vive la tradici\u00f3n y la esencia de cada uno de los destinos propuestos y siente una profunda y emocionante experiencia inolvidable que permanecer\u00e1n en la memoria y coraz\u00f3n por siempre.<\/span><\/p>\n[\/vc_column_text][\/vc_column][vc_column width=&#8221;1\/5&#8243; css=&#8221;.vc_custom_1616944551669{background-color: #8224e3 !important;}&#8221;][vc_column_text]\n<h3 style=\"text-align: center;\"><span style=\"color: #ffffff;\"><strong>Cuesti\u00f3nate<\/strong><\/span><\/h3>\n<p style=\"text-align: center;\"><span style=\"color: #ffffff;\">\u25cf Lujo asi\u00e1tico \u25cf Inmersi\u00f3n Local \u25cf Piscina infinita en medio de la selva. \u25cf Vistas a campos de arroz desde tu cama. \u25cf Primera l\u00ednea (pero de verdad) de playa. \u25cf Ir descalzo todo el d\u00eda.<\/span><\/p>\n[\/vc_column_text][\/vc_column][vc_column width=&#8221;1\/5&#8243; css=&#8221;.vc_custom_1616944101795{margin-top: 10px !important;margin-bottom: 10px !important;background-color: #ab73e2 !important;}&#8221;][vc_column_text]\n<h4 style=\"text-align: center;\"><span style=\"color: #ffffff;\"><strong>\u00bfVais unos amigos?<\/strong><\/span><\/h4>\n<p style=\"text-align: center;\"><span style=\"color: #ffffff;\">Nunca olvidar\u00e9is las aventuras vividas, que en compa\u00f1\u00eda son mayores, por los lugares y con las actividades m\u00e1s completas y exclusivas.<\/span><\/p>\n[\/vc_column_text][\/vc_column][vc_column width=&#8221;1\/5&#8243; css=&#8221;.vc_custom_1616944137070{margin-top: 20px !important;margin-bottom: 20px !important;background-color: #dcc9ff !important;}&#8221;][vc_column_text el_class=&#8221;creauno&#8221;]\n<h4 style=\"text-align: center;\"><strong>\u00bfUn viaje de empresa?<\/strong><\/h4>\n<p style=\"text-align: center;\">Fideliza y vencer\u00e1s.<\/p>\n<p style=\"text-align: center;\">Todo incluido para que no falte nada. Ellos se lo merecen y t\u00fa te sientes bien. Contacta para conocer las incre\u00edbles propuestas, tus clientes , comunidad te lo agradecer\u00e1n toda la vida.<\/p>\n[\/vc_column_text][vc_btn title=&#8221;Exclusivo Profesionales&#8221; color=&#8221;primary&#8221; align=&#8221;center&#8221; css_animation=&#8221;fadeIn&#8221; link=&#8221;url:https%3A%2F%2Fwww.experienceswellness.com%2Findex.php%2Fprofesionales-2%2F|title:Profesionales&#8221;][\/vc_column][\/vc_row][vc_row][vc_column][vc_empty_space][vc_row_inner disable_element=&#8221;yes&#8221;][vc_column_inner width=&#8221;1\/3&#8243;][vc_images_carousel images=&#8221;1426,1425,1427&#8243; img_size=&#8221;full&#8221; onclick=&#8221;link_no&#8221; speed=&#8221;3000&#8243; autoplay=&#8221;yes&#8221; wrap=&#8221;yes&#8221;][\/vc_column_inner][vc_column_inner width=&#8221;1\/3&#8243;][vc_single_image image=&#8221;2631&#8243; img_size=&#8221;full&#8221; alignment=&#8221;center&#8221; css_animation=&#8221;none&#8221;][\/vc_column_inner][vc_column_inner width=&#8221;1\/3&#8243;][vc_empty_space][vc_single_image image=&#8221;2687&#8243; img_size=&#8221;full&#8221; alignment=&#8221;center&#8221; style=&#8221;vc_box_shadow_3d&#8221; css_animation=&#8221;none&#8221;][\/vc_column_inner][\/vc_row_inner][\/vc_column][\/vc_row][vc_row equal_height=&#8221;yes&#8221;][vc_column width=&#8221;1\/2&#8243;][vc_single_image image=&#8221;2632&#8243; img_size=&#8221;large&#8221; alignment=&#8221;center&#8221;][vc_empty_space][\/vc_column][vc_column width=&#8221;1\/2&#8243;][vc_empty_space][vc_raw_html]JTVCcmVzcG9uc2l2ZV95b3V0dWJlJTIwSHdZdkJBWGFQOW8lMjBub3JlbCU1RA==[\/vc_raw_html][vc_empty_space][\/vc_column][\/vc_row][vc_row][vc_column width=&#8221;1\/3&#8243;][vc_single_image image=&#8221;1426&#8243; img_size=&#8221;full&#8221; alignment=&#8221;center&#8221; style=&#8221;vc_box_shadow_3d&#8221;][\/vc_column][vc_column width=&#8221;1\/3&#8243;][vc_single_image image=&#8221;1425&#8243; img_size=&#8221;full&#8221; alignment=&#8221;center&#8221; style=&#8221;vc_box_shadow_3d&#8221;][\/vc_column][vc_column width=&#8221;1\/3&#8243;][vc_single_image image=&#8221;1427&#8243; img_size=&#8221;full&#8221; alignment=&#8221;center&#8221; style=&#8221;vc_box_shadow_3d&#8221;][\/vc_column][\/vc_row][vc_row][vc_column][vc_empty_space][vc_row_inner][vc_column_inner][vc_btn title=&#8221;Si, quiero un viaje inolvidable&#8221; color=&#8221;info&#8221; align=&#8221;center&#8221; css_animation=&#8221;fadeIn&#8221; link=&#8221;url:https%3A%2F%2Fwww.experienceswellness.com%2Findex.php%2Fformulario-de-viaje%2F&#8221;][\/vc_column_inner][\/vc_row_inner][\/vc_column][\/vc_row][vc_row disable_element=&#8221;yes&#8221;][vc_column width=&#8221;1\/5&#8243;][vc_btn title=&#8221;MAR\u00cdA OJEDA&#8221; color=&#8221;success&#8221; align=&#8221;center&#8221; button_block=&#8221;true&#8221; el_class=&#8221;colorviajes&#8221; link=&#8221;url:https%3A%2F%2Fwww.experienceswellness.com%2Findex.php%2Fmaria-ojeda%2F|title:Mar%C3%ADa%20Ojeda&#8221;][\/vc_column][vc_column width=&#8221;1\/5&#8243;][vc_btn title=&#8221;BIENESTAR&#8221; color=&#8221;danger&#8221; align=&#8221;center&#8221; button_block=&#8221;true&#8221; el_class=&#8221;colorbienestar&#8221; link=&#8221;url:https%3A%2F%2Fwww.experienceswellness.com%2Findex.php%2Fbienestar%2F|title:Bienestar&#8221;][\/vc_column][vc_column width=&#8221;1\/5&#8243;][vc_btn title=&#8221;REGALOS&#8221; align=&#8221;center&#8221; button_block=&#8221;true&#8221; el_class=&#8221;colorregalos&#8221; link=&#8221;url:https%3A%2F%2Fwww.experienceswellness.com%2Findex.php%2Fregalos%2F|title:Regalos&#8221;][\/vc_column][vc_column width=&#8221;1\/5&#8243;][vc_btn title=&#8221;PROFESIONALES&#8221; color=&#8221;blue&#8221; align=&#8221;center&#8221; button_block=&#8221;true&#8221; el_class=&#8221;colorprofesional&#8221; link=&#8221;url:https%3A%2F%2Fwww.experienceswellness.com%2Findex.php%2Fregister%2F&#8221;][\/vc_column][vc_column width=&#8221;1\/5&#8243;][vc_btn title=&#8221;BLOG&#8221; color=&#8221;warning&#8221; align=&#8221;center&#8221; button_block=&#8221;true&#8221; el_class=&#8221;colorblog&#8221; link=&#8221;url:https%3A%2F%2Fwww.experienceswellness.com%2Findex.php%2Fblog-2%2F|title:Blog&#8221;][\/vc_column][\/vc_row][vc_row equal_height=&#8221;yes&#8221;][vc_column width=&#8221;1\/2&#8243;][vc_empty_space][vc_single_image image=&#8221;2687&#8243; img_size=&#8221;full&#8221; alignment=&#8221;center&#8221; style=&#8221;vc_box_shadow_3d&#8221; css_animation=&#8221;none&#8221;][vc_empty_space][\/vc_column][vc_column width=&#8221;1\/2&#8243; css=&#8221;.vc_custom_1620054583527{background-image: url(https:\/\/www.experienceswellness.com\/wp-content\/uploads\/2020\/12\/marca-agua-arbol-2.jpg?id=1087) !important;background-position: center !important;background-repeat: no-repeat !important;background-size: contain !important;}&#8221;][vc_column_text]\n<h4 style=\"text-align: center;\"><strong>\u00bfERES AGENCIA DE VIAJES?<\/strong><\/h4>\n<p style=\"text-align: center;\">Experiences Wellness es representante de reconocidas empresas receptivas mayoristas de los diferentes destinos en los que esta especializada:<\/p>\n<p style=\"text-align: center;\"><strong>INDIA, NEPAL, BUTH\u00c1N, SRI LANKA, MALDIVAS, M\u00c9XICO(YUCAT\u00c1N), PER\u00da, ISLAS GAL\u00c1PAGOS\/ECUADOR, LO MEJOR DE ESPA\u00d1A.<\/strong><\/p>\n<p style=\"text-align: center;\">Experiences Wellness dispone de una extensa gama de productos y servicios exclusivos, derivados de la experiencia, para garantizar una oferta de calidad y competitividad.<\/p>\n<p style=\"text-align: center;\">Te propongo Innovaci\u00f3n y creatividad en los programas que voy a dise\u00f1ar exclusivamente para ti, seg\u00fan demanda de tus clientes con experiencias que encajen seg\u00fan gustos y necesidades, garantizando un gran nivel de satisfacci\u00f3n.<\/p>\n<p style=\"text-align: center;\">Te proporciono paquetes, promociones con ofertas especiales.<\/p>\n<p style=\"text-align: center;\">\u00bfTe interesa ?<\/p>\n<p style=\"text-align: center;\">Rellena un breve formulario y prep\u00e1rate para innovar y crecer.<\/p>\n[\/vc_column_text][vc_empty_space][vc_btn title=&#8221;PROFESIONALES&#8221; color=&#8221;blue&#8221; align=&#8221;center&#8221; el_class=&#8221;colorprofesional&#8221; link=&#8221;url:https%3A%2F%2Fwww.experienceswellness.com%2Findex.php%2Fform-prof-agencias%2F&#8221;][\/vc_column][\/vc_row]\n","protected":false},"excerpt":{"rendered":"<p>[vc_row full_width=&#8221;stretch_row&#8221; full_height=&#8221;yes&#8221; content_placement=&#8221;middle&#8221; parallax=&#8221;content-moving&#8221; css=&#8221;.vc_custom_1613747307945{background-image: url(https:\/\/www.experienceswellness.com\/wp-content\/uploads\/2021\/02\/slider3-EW.jpg?id=2641) !important;}&#8221;][vc_column][\/vc_column][\/vc_row][vc_row][vc_column][vc_empty_space][vc_column_text css_animation=&#8221;none&#8221;] Las vueltas dan mucha vida \u201c&hellip;<\/p>\n","protected":false},"author":1,"featured_media":0,"parent":0,"menu_order":0,"comment_status":"closed","ping_status":"closed","template":"","meta":[],"_links":{"self":[{"href":"https:\/\/www.experienceswellness.com\/index.php\/wp-json\/wp\/v2\/pages\/2680"}],"collection":[{"href":"https:\/\/www.experienceswellness.com\/index.php\/wp-json\/wp\/v2\/pages"}],"about":[{"href":"https:\/\/www.experienceswellness.com\/index.php\/wp-json\/wp\/v2\/types\/page"}],"author":[{"embeddable":true,"href":"https:\/\/www.experienceswellness.com\/index.php\/wp-json\/wp\/v2\/users\/1"}],"replies":[{"embeddable":true,"href":"https:\/\/www.experienceswellness.com\/index.php\/wp-json\/wp\/v2\/comments?post=2680"}],"version-history":[{"count":38,"href":"https:\/\/www.experienceswellness.com\/index.php\/wp-json\/wp\/v2\/pages\/2680\/revisions"}],"predecessor-version":[{"id":3822,"href":"https:\/\/www.experienceswellness.com\/index.php\/wp-json\/wp\/v2\/pages\/2680\/revisions\/3822"}],"wp:attachment":[{"href":"https:\/\/www.experienceswellness.com\/index.php\/wp-json\/wp\/v2\/media?parent=2680"}],"curies":[{"name":"wp","href":"https:\/\/api.w.org\/{rel}","templated":true}]}}